{"id":411,"date":"2022-03-30T16:24:34","date_gmt":"2022-03-30T16:24:34","guid":{"rendered":"https:\/\/www.lugoson.com\/?page_id=411"},"modified":"2022-04-25T16:46:37","modified_gmt":"2022-04-25T14:46:37","slug":"javier-krahe","status":"publish","type":"page","link":"https:\/\/lugoson.com\/gl\/javier-krahe\/","title":{"rendered":"Javier Krahe"},"content":{"rendered":"<p>Javier Krahe debuta como solista con el disco Valle de l\u00e1grimas (1980), en el que ya se aprecia su estilo caracter\u00edstico de letras ir\u00f3nicas, rimas ingeniosas, con m\u00fasica sencilla. En los discos siguientes los arreglos se escoran a menudo hacia el jazz, convirti\u00e9ndose Krahe en un habitual de peque\u00f1as salas como el Caf\u00e9 Central de Madrid, Galileo o Clamores, a veces en compa\u00f1\u00eda de otros cantautores como Riki L\u00f3pez o Palito.<\/p>\n<p>El perfil de Krahe es el de un cantautor de culto. En 1986, TVE censura su canci\u00f3n \u00abCuervo ingenuo\u00bb (s\u00e1tira de la ambig\u00fcedad ideol\u00f3gica del PSOE), que iba a emitirse como parte de un concierto de Joaqu\u00edn Sabina.<\/p>\n<p>En 1999 funda la discogr\u00e1fica independiente 18 Chulos junto a Pep\u00edn Tre, Santiago Segura, el Gran Wyoming, Faemino y Pablo Carbonell. En ella ha editado varios discos: Dolor de garganta,5\u200b C\u00e1balas y cicatrices, Cintur\u00f3n negro de karaoke, Querencias y extrav\u00edos, Toser y cantar, Las diez de \u00faltimas y En el Caf\u00e9 Central de Madrid; adem\u00e1s del disco homenaje &#8230;Y todo es vanidad.<\/p>\n<p>Su disco Querencias y extrav\u00edos se lanza en diciembre de 2007, en un paquete que incluye un libro de conversaciones del cantante con la periodista Paloma Leyra. Tambi\u00e9n su disco de 2010, Toser y cantar, incluye el libro De mil amores, que contiene un estudio de su obra a cargo del escritor y catedr\u00e1tico Miguel Tom\u00e1s y Valiente, as\u00ed como ilustraciones del pintor Octavio Colis.<\/p>\n<p>En 2014 pone a la venta en Fnac y la web de 18 Chulos Records el disco En el Caf\u00e9 Central de Madrid en CD y DVD, un repaso a sus 35 a\u00f1os de trayectoria.<\/p>\n<p>Su modo de escribir muestra un gran cuidado por la rima y la m\u00e9trica, con referencias a grandes obras de la literatura mundial o del cine.<\/p>\n<h3>Discograf\u00eda<\/h3>\n<ul>\n<li>Valle de l\u00e1grimas (1980)<\/li>\n<li>La mandr\u00e1gora (con Joaqu\u00edn Sabina y Alberto P\u00e9rez) (1981)<\/li>\n<li>Aparejo de fortuna (1984)<\/li>\n<li>Corral de cuernos (1985)<\/li>\n<li>Haz lo que quieras (1987)<\/li>\n<li>El\u00edgeme (1988)<\/li>\n<li>Sacrificio de dama (1993)<\/li>\n<li>Versos de tornillo (1997)<\/li>\n<li>Dolor de garganta (1999)<\/li>\n<li>5 C\u00e1balas y cicatrices (2002)<\/li>\n<li>Cintur\u00f3n negro de karaoke (2006)<\/li>\n<li>Querencias y extrav\u00edos (2007)<\/li>\n<li>Toser y cantar (2010)<\/li>\n<li>Las diez de \u00faltimas (2013)<\/li>\n<li>En el Caf\u00e9 Central de Madrid (2014)<\/li>\n<\/ul>\n","protected":false},"excerpt":{"rendered":"<p>Javier Krahe debuta como solista con el disco Valle de l\u00e1grimas (1980), en el que ya se aprecia su estilo caracter\u00edstico de letras ir\u00f3nicas, rimas ingeniosas, con m\u00fasica sencilla. En los discos siguientes los arreglos se escoran a menudo hacia el jazz, convirti\u00e9ndose Krahe en <span class=\"read-more\"><a class=\"more-link btn btn-transparent\" href=\"https:\/\/lugoson.com\/gl\/javier-krahe\/\">Leer M\u00e1s&#8230;<\/a><\/span><\/p>\n","protected":false},"author":1,"featured_media":671,"parent":0,"menu_order":0,"comment_status":"closed","ping_status":"closed","template":"","meta":{"footnotes":""},"class_list":["post-411","page","type-page","status-publish","has-post-thumbnail","hentry"],"yoast_head":"<!-- This site is optimized with the Yoast SEO plugin v26.5 - https:\/\/yoast.com\/wordpress\/plugins\/seo\/ -->\n<title>Javier Krahe - Lugoson<\/title>\n<meta name=\"robots\" content=\"index, follow, max-snippet:-1, max-image-preview:large, max-video-preview:-1\" \/>\n<link rel=\"canonical\" href=\"https:\/\/lugoson.com\/gl\/javier-krahe\/\" \/>\n<meta property=\"og:locale\" content=\"gl_ES\" \/>\n<meta property=\"og:type\" content=\"article\" \/>\n<meta property=\"og:title\" content=\"Javier Krahe - Lugoson\" \/>\n<meta property=\"og:description\" content=\"Javier Krahe debuta como solista con el disco Valle de l\u00e1grimas (1980), en el que ya se aprecia su estilo caracter\u00edstico de letras ir\u00f3nicas, rimas ingeniosas, con m\u00fasica sencilla. En los discos siguientes los arreglos se escoran a menudo hacia el jazz, convirti\u00e9ndose Krahe en Leer M\u00e1s...\" \/>\n<meta property=\"og:url\" content=\"https:\/\/lugoson.com\/gl\/javier-krahe\/\" \/>\n<meta property=\"og:site_name\" content=\"Lugoson\" \/>\n<meta property=\"article:modified_time\" content=\"2022-04-25T14:46:37+00:00\" \/>\n<meta property=\"og:image\" content=\"https:\/\/lugoson.com\/wp-content\/uploads\/2022\/04\/bg-krahe-4.jpg\" \/>\n\t<meta property=\"og:image:width\" content=\"1920\" \/>\n\t<meta property=\"og:image:height\" content=\"451\" \/>\n\t<meta property=\"og:image:type\" content=\"image\/jpeg\" \/>\n<meta name=\"twitter:card\" content=\"summary_large_image\" \/>\n<meta name=\"twitter:label1\" content=\"Tempo de lectura\" \/>\n\t<meta name=\"twitter:data1\" content=\"2 minutos\" \/>\n<script type=\"application\/ld+json\" class=\"yoast-schema-graph\">{\"@context\":\"https:\/\/schema.org\",\"@graph\":[{\"@type\":\"WebPage\",\"@id\":\"https:\/\/lugoson.com\/gl\/javier-krahe\/\",\"url\":\"https:\/\/lugoson.com\/gl\/javier-krahe\/\",\"name\":\"Javier Krahe - Lugoson\",\"isPartOf\":{\"@id\":\"https:\/\/lugoson.com\/gl\/#website\"},\"primaryImageOfPage\":{\"@id\":\"https:\/\/lugoson.com\/gl\/javier-krahe\/#primaryimage\"},\"image\":{\"@id\":\"https:\/\/lugoson.com\/javier-krahe\/#primaryimage\"},\"thumbnailUrl\":\"https:\/\/lugoson.com\/wp-content\/uploads\/2022\/04\/bg-krahe-4.jpg\",\"datePublished\":\"2022-03-30T16:24:34+00:00\",\"dateModified\":\"2022-04-25T14:46:37+00:00\",\"breadcrumb\":{\"@id\":\"https:\/\/lugoson.com\/gl\/javier-krahe\/#breadcrumb\"},\"inLanguage\":\"gl-ES\",\"potentialAction\":[{\"@type\":\"ReadAction\",\"target\":[[\"https:\/\/lugoson.com\/gl\/javier-krahe\/\"]]}]},{\"@type\":\"ImageObject\",\"inLanguage\":\"gl-ES\",\"@id\":\"https:\/\/lugoson.com\/gl\/javier-krahe\/#primaryimage\",\"url\":\"https:\/\/lugoson.com\/wp-content\/uploads\/2022\/04\/bg-krahe-4.jpg\",\"contentUrl\":\"https:\/\/lugoson.com\/wp-content\/uploads\/2022\/04\/bg-krahe-4.jpg\",\"width\":1920,\"height\":451},{\"@type\":\"BreadcrumbList\",\"@id\":\"https:\/\/lugoson.com\/gl\/javier-krahe\/#breadcrumb\",\"itemListElement\":[{\"@type\":\"ListItem\",\"position\":1,\"name\":\"Portada\",\"item\":\"https:\/\/lugoson.com\/gl\/\"},{\"@type\":\"ListItem\",\"position\":2,\"name\":\"Javier Krahe\"}]},{\"@type\":\"WebSite\",\"@id\":\"https:\/\/lugoson.com\/gl\/#website\",\"url\":\"https:\/\/lugoson.com\/gl\/\",\"name\":\"Lugoson\",\"description\":\"I Certamen &#039;Javier Krahe&#039; de M\u00fasica de autor\",\"publisher\":{\"@id\":\"https:\/\/lugoson.com\/gl\/#organization\"},\"potentialAction\":[{\"@type\":\"SearchAction\",\"target\":{\"@type\":\"EntryPoint\",\"urlTemplate\":\"https:\/\/lugoson.com\/gl\/?s={search_term_string}\"},\"query-input\":{\"@type\":\"PropertyValueSpecification\",\"valueRequired\":true,\"valueName\":\"search_term_string\"}}],\"inLanguage\":\"gl-ES\"},{\"@type\":\"Organization\",\"@id\":\"https:\/\/lugoson.com\/gl\/#organization\",\"name\":\"Lugoson\",\"url\":\"https:\/\/lugoson.com\/gl\/\",\"logo\":{\"@type\":\"ImageObject\",\"inLanguage\":\"gl-ES\",\"@id\":\"https:\/\/lugoson.com\/gl\/#\/schema\/logo\/image\/\",\"url\":\"https:\/\/lugoson.com\/wp-content\/uploads\/2022\/04\/lugoson-logo3.png\",\"contentUrl\":\"https:\/\/lugoson.com\/wp-content\/uploads\/2022\/04\/lugoson-logo3.png\",\"width\":322,\"height\":150,\"caption\":\"Lugoson\"},\"image\":{\"@id\":\"https:\/\/lugoson.com\/gl\/#\/schema\/logo\/image\/\"}}]}<\/script>\n<!-- \/ Yoast SEO plugin. -->","yoast_head_json":{"title":"Javier Krahe - Lugoson","robots":{"index":"index","follow":"follow","max-snippet":"max-snippet:-1","max-image-preview":"max-image-preview:large","max-video-preview":"max-video-preview:-1"},"canonical":"https:\/\/lugoson.com\/gl\/javier-krahe\/","og_locale":"gl_ES","og_type":"article","og_title":"Javier Krahe - Lugoson","og_description":"Javier Krahe debuta como solista con el disco Valle de l\u00e1grimas (1980), en el que ya se aprecia su estilo caracter\u00edstico de letras ir\u00f3nicas, rimas ingeniosas, con m\u00fasica sencilla. En los discos siguientes los arreglos se escoran a menudo hacia el jazz, convirti\u00e9ndose Krahe en Leer M\u00e1s...","og_url":"https:\/\/lugoson.com\/gl\/javier-krahe\/","og_site_name":"Lugoson","article_modified_time":"2022-04-25T14:46:37+00:00","og_image":[{"width":1920,"height":451,"url":"https:\/\/lugoson.com\/wp-content\/uploads\/2022\/04\/bg-krahe-4.jpg","type":"image\/jpeg"}],"twitter_card":"summary_large_image","twitter_misc":{"Tempo de lectura":"2 minutos"},"schema":{"@context":"https:\/\/schema.org","@graph":[{"@type":"WebPage","@id":"https:\/\/lugoson.com\/gl\/javier-krahe\/","url":"https:\/\/lugoson.com\/gl\/javier-krahe\/","name":"Javier Krahe - Lugoson","isPartOf":{"@id":"https:\/\/lugoson.com\/gl\/#website"},"primaryImageOfPage":{"@id":"https:\/\/lugoson.com\/gl\/javier-krahe\/#primaryimage"},"image":{"@id":"https:\/\/lugoson.com\/javier-krahe\/#primaryimage"},"thumbnailUrl":"https:\/\/lugoson.com\/wp-content\/uploads\/2022\/04\/bg-krahe-4.jpg","datePublished":"2022-03-30T16:24:34+00:00","dateModified":"2022-04-25T14:46:37+00:00","breadcrumb":{"@id":"https:\/\/lugoson.com\/gl\/javier-krahe\/#breadcrumb"},"inLanguage":"gl-ES","potentialAction":[{"@type":"ReadAction","target":[["https:\/\/lugoson.com\/gl\/javier-krahe\/"]]}]},{"@type":"ImageObject","inLanguage":"gl-ES","@id":"https:\/\/lugoson.com\/gl\/javier-krahe\/#primaryimage","url":"https:\/\/lugoson.com\/wp-content\/uploads\/2022\/04\/bg-krahe-4.jpg","contentUrl":"https:\/\/lugoson.com\/wp-content\/uploads\/2022\/04\/bg-krahe-4.jpg","width":1920,"height":451},{"@type":"BreadcrumbList","@id":"https:\/\/lugoson.com\/gl\/javier-krahe\/#breadcrumb","itemListElement":[{"@type":"ListItem","position":1,"name":"Portada","item":"https:\/\/lugoson.com\/gl\/"},{"@type":"ListItem","position":2,"name":"Javier Krahe"}]},{"@type":"WebSite","@id":"https:\/\/lugoson.com\/gl\/#website","url":"https:\/\/lugoson.com\/gl\/","name":"Lugoson","description":"I Certamen &#039;Javier Krahe&#039; de M\u00fasica de autor","publisher":{"@id":"https:\/\/lugoson.com\/gl\/#organization"},"potentialAction":[{"@type":"SearchAction","target":{"@type":"EntryPoint","urlTemplate":"https:\/\/lugoson.com\/gl\/?s={search_term_string}"},"query-input":{"@type":"PropertyValueSpecification","valueRequired":true,"valueName":"search_term_string"}}],"inLanguage":"gl-ES"},{"@type":"Organization","@id":"https:\/\/lugoson.com\/gl\/#organization","name":"Lugoson","url":"https:\/\/lugoson.com\/gl\/","logo":{"@type":"ImageObject","inLanguage":"gl-ES","@id":"https:\/\/lugoson.com\/gl\/#\/schema\/logo\/image\/","url":"https:\/\/lugoson.com\/wp-content\/uploads\/2022\/04\/lugoson-logo3.png","contentUrl":"https:\/\/lugoson.com\/wp-content\/uploads\/2022\/04\/lugoson-logo3.png","width":322,"height":150,"caption":"Lugoson"},"image":{"@id":"https:\/\/lugoson.com\/gl\/#\/schema\/logo\/image\/"}}]}},"_links":{"self":[{"href":"https:\/\/lugoson.com\/gl\/wp-json\/wp\/v2\/pages\/411","targetHints":{"allow":["GET"]}}],"collection":[{"href":"https:\/\/lugoson.com\/gl\/wp-json\/wp\/v2\/pages"}],"about":[{"href":"https:\/\/lugoson.com\/gl\/wp-json\/wp\/v2\/types\/page"}],"author":[{"embeddable":true,"href":"https:\/\/lugoson.com\/gl\/wp-json\/wp\/v2\/users\/1"}],"replies":[{"embeddable":true,"href":"https:\/\/lugoson.com\/gl\/wp-json\/wp\/v2\/comments?post=411"}],"version-history":[{"count":5,"href":"https:\/\/lugoson.com\/gl\/wp-json\/wp\/v2\/pages\/411\/revisions"}],"predecessor-version":[{"id":432,"href":"https:\/\/lugoson.com\/gl\/wp-json\/wp\/v2\/pages\/411\/revisions\/432"}],"wp:featuredmedia":[{"embeddable":true,"href":"https:\/\/lugoson.com\/gl\/wp-json\/wp\/v2\/media\/671"}],"wp:attachment":[{"href":"https:\/\/lugoson.com\/gl\/wp-json\/wp\/v2\/media?parent=411"}],"curies":[{"name":"wp","href":"https:\/\/api.w.org\/{rel}","templated":true}]}}