{"id":407,"date":"2022-03-30T16:21:58","date_gmt":"2022-03-30T16:21:58","guid":{"rendered":"https:\/\/www.lugoson.com\/?page_id=407"},"modified":"2022-04-16T18:18:26","modified_gmt":"2022-04-16T16:18:26","slug":"presentacion","status":"publish","type":"page","link":"https:\/\/lugoson.com\/gl\/presentacion\/","title":{"rendered":"Presentaci\u00f3n"},"content":{"rendered":"<p><img decoding=\"async\" class=\"size-medium wp-image-638 aligncenter\" src=\"https:\/\/lugoson.com\/wp-content\/uploads\/2022\/04\/lugoson-logo3b-300x136.png\" alt=\"\" width=\"300\" height=\"136\" srcset=\"https:\/\/lugoson.com\/wp-content\/uploads\/2022\/04\/lugoson-logo3b-300x136.png 300w, https:\/\/lugoson.com\/wp-content\/uploads\/2022\/04\/elementor\/thumbs\/lugoson-logo3b-pngh13a5y5158392w8fi70rajs1to3kmtoi0ds4d1k.png 400w, https:\/\/lugoson.com\/wp-content\/uploads\/2022\/04\/lugoson-logo3b.png 484w\" sizes=\"(max-width: 300px) 100vw, 300px\" \/><\/p>\n<p>O Certame de cantautores <strong>Lugoson<\/strong> nace como unha iniciativa privada que busca rendir homenaxe a unha das figuras m\u00e1is representativas da m\u00fasica de autor en Espa\u00f1a, <a href=\"https:\/\/www.lugoson.com\/javier-krahe\/\">Javier Krahe<\/a>.<\/p>\n<p><a href=\"https:\/\/www.lugoson.com\/javier-krahe\/\">Krahe<\/a>, autor reco\u00f1ecido pola iron\u00eda e a comedia nas s\u00faas canci\u00f3ns e idolatrado por outros grandes artistas como Joaqu\u00edn Sabina, Javier Ruibal, Pablo Carbonell ou el Gran Wyoming, sempre ti\u00f1a nas s\u00faas xiras unha parada na sala <a href=\"https:\/\/www.lugoson.com\/la-sala\/\">Clavic\u00e9mbalo<\/a> (Lugo), lugar onde se lle garda grande cari\u00f1o e onde unha estatua do artista preside a entrada \u00f3 local.<\/p>\n<p><strong>Lugoson<\/strong> busca dar visibilidade \u00e1 m\u00fasica de autor e con ela a todos os autores da xeograf\u00eda espa\u00f1ola que levan a costas as s\u00faas composici\u00f3ns e que, nalg\u00fan momento da s\u00faa vida, quixeron subirse a un escenario a contar historias como fac\u00eda o mestre.<\/p>\n<p>Este certamen \u00e9 froito do traballo e esforzo tanto das personas e empresas implicadas na direci\u00f3n do mesmo como das entidades patrocinadoras. A todos eles o noso agradecemento e por suposto a todas as persoas que, en maior o menor medida, fixeron posible esta celebraci\u00f3n da m\u00fasica de autor e da figura de <a href=\"https:\/\/www.lugoson.com\/javier-krahe\/\">Javier Krahe<\/a>.<\/p>\n<p>Jairo Varela &#8211;\u00a0 Organizador do evento<\/p>","protected":false},"excerpt":{"rendered":"<p>O Certame de cantautores Lugoson nace como unha iniciativa privada que busca rendir homenaxe a unha das figuras m\u00e1is representativas da m\u00fasica de autor en Espa\u00f1a, Javier Krahe. Krahe, autor reco\u00f1ecido pola iron\u00eda e a comedia nas s\u00faas canci\u00f3ns e idolatrado por outros grandes artistas <span class=\"read-more\"><a class=\"more-link btn btn-transparent\" href=\"https:\/\/lugoson.com\/gl\/presentacion\/\">Leer M\u00e1s&#8230;<\/a><\/span><\/p>\n","protected":false},"author":1,"featured_media":441,"parent":0,"menu_order":0,"comment_status":"closed","ping_status":"closed","template":"","meta":{"footnotes":""},"class_list":["post-407","page","type-page","status-publish","has-post-thumbnail","hentry"],"yoast_head":"<!-- This site is optimized with the Yoast SEO plugin v26.5 - https:\/\/yoast.com\/wordpress\/plugins\/seo\/ -->\n<title>Presentaci\u00f3n - Lugoson<\/title>\n<meta name=\"robots\" content=\"index, follow, max-snippet:-1, max-image-preview:large, max-video-preview:-1\" \/>\n<link rel=\"canonical\" href=\"https:\/\/lugoson.com\/gl\/presentacion\/\" \/>\n<meta property=\"og:locale\" content=\"gl_ES\" \/>\n<meta property=\"og:type\" content=\"article\" \/>\n<meta property=\"og:title\" content=\"Presentaci\u00f3n - Lugoson\" \/>\n<meta property=\"og:description\" content=\"O Certame de cantautores Lugoson nace como unha iniciativa privada que busca rendir homenaxe a unha das figuras m\u00e1is representativas da m\u00fasica de autor en Espa\u00f1a, Javier Krahe. Krahe, autor reco\u00f1ecido pola iron\u00eda e a comedia nas s\u00faas canci\u00f3ns e idolatrado por outros grandes artistas Leer M\u00e1s...\" \/>\n<meta property=\"og:url\" content=\"https:\/\/lugoson.com\/gl\/presentacion\/\" \/>\n<meta property=\"og:site_name\" content=\"Lugoson\" \/>\n<meta property=\"article:modified_time\" content=\"2022-04-16T16:18:26+00:00\" \/>\n<meta property=\"og:image\" content=\"https:\/\/lugoson.com\/wp-content\/uploads\/2022\/04\/bg-bases.jpg\" \/>\n\t<meta property=\"og:image:width\" content=\"1920\" \/>\n\t<meta property=\"og:image:height\" content=\"451\" \/>\n\t<meta property=\"og:image:type\" content=\"image\/jpeg\" \/>\n<meta name=\"twitter:card\" content=\"summary_large_image\" \/>\n<meta name=\"twitter:label1\" content=\"Tempo de lectura\" \/>\n\t<meta name=\"twitter:data1\" content=\"2 minutos\" \/>\n<script type=\"application\/ld+json\" class=\"yoast-schema-graph\">{\"@context\":\"https:\/\/schema.org\",\"@graph\":[{\"@type\":\"WebPage\",\"@id\":\"https:\/\/lugoson.com\/gl\/presentacion\/\",\"url\":\"https:\/\/lugoson.com\/gl\/presentacion\/\",\"name\":\"Presentaci\u00f3n - Lugoson\",\"isPartOf\":{\"@id\":\"https:\/\/lugoson.com\/gl\/#website\"},\"primaryImageOfPage\":{\"@id\":\"https:\/\/lugoson.com\/gl\/presentacion\/#primaryimage\"},\"image\":{\"@id\":\"https:\/\/lugoson.com\/presentacion\/#primaryimage\"},\"thumbnailUrl\":\"https:\/\/lugoson.com\/wp-content\/uploads\/2022\/04\/bg-bases.jpg\",\"datePublished\":\"2022-03-30T16:21:58+00:00\",\"dateModified\":\"2022-04-16T16:18:26+00:00\",\"breadcrumb\":{\"@id\":\"https:\/\/lugoson.com\/gl\/presentacion\/#breadcrumb\"},\"inLanguage\":\"gl-ES\",\"potentialAction\":[{\"@type\":\"ReadAction\",\"target\":[[\"https:\/\/lugoson.com\/gl\/presentacion\/\"]]}]},{\"@type\":\"ImageObject\",\"inLanguage\":\"gl-ES\",\"@id\":\"https:\/\/lugoson.com\/gl\/presentacion\/#primaryimage\",\"url\":\"https:\/\/lugoson.com\/wp-content\/uploads\/2022\/04\/bg-bases.jpg\",\"contentUrl\":\"https:\/\/lugoson.com\/wp-content\/uploads\/2022\/04\/bg-bases.jpg\",\"width\":1920,\"height\":451},{\"@type\":\"BreadcrumbList\",\"@id\":\"https:\/\/lugoson.com\/gl\/presentacion\/#breadcrumb\",\"itemListElement\":[{\"@type\":\"ListItem\",\"position\":1,\"name\":\"Portada\",\"item\":\"https:\/\/lugoson.com\/gl\/\"},{\"@type\":\"ListItem\",\"position\":2,\"name\":\"Presentaci\u00f3n\"}]},{\"@type\":\"WebSite\",\"@id\":\"https:\/\/lugoson.com\/gl\/#website\",\"url\":\"https:\/\/lugoson.com\/gl\/\",\"name\":\"Lugoson\",\"description\":\"I Certamen &#039;Javier Krahe&#039; de M\u00fasica de autor\",\"publisher\":{\"@id\":\"https:\/\/lugoson.com\/gl\/#organization\"},\"potentialAction\":[{\"@type\":\"SearchAction\",\"target\":{\"@type\":\"EntryPoint\",\"urlTemplate\":\"https:\/\/lugoson.com\/gl\/?s={search_term_string}\"},\"query-input\":{\"@type\":\"PropertyValueSpecification\",\"valueRequired\":true,\"valueName\":\"search_term_string\"}}],\"inLanguage\":\"gl-ES\"},{\"@type\":\"Organization\",\"@id\":\"https:\/\/lugoson.com\/gl\/#organization\",\"name\":\"Lugoson\",\"url\":\"https:\/\/lugoson.com\/gl\/\",\"logo\":{\"@type\":\"ImageObject\",\"inLanguage\":\"gl-ES\",\"@id\":\"https:\/\/lugoson.com\/gl\/#\/schema\/logo\/image\/\",\"url\":\"https:\/\/lugoson.com\/wp-content\/uploads\/2022\/04\/lugoson-logo3.png\",\"contentUrl\":\"https:\/\/lugoson.com\/wp-content\/uploads\/2022\/04\/lugoson-logo3.png\",\"width\":322,\"height\":150,\"caption\":\"Lugoson\"},\"image\":{\"@id\":\"https:\/\/lugoson.com\/gl\/#\/schema\/logo\/image\/\"}}]}<\/script>\n<!-- \/ Yoast SEO plugin. -->","yoast_head_json":{"title":"Presentaci\u00f3n - Lugoson","robots":{"index":"index","follow":"follow","max-snippet":"max-snippet:-1","max-image-preview":"max-image-preview:large","max-video-preview":"max-video-preview:-1"},"canonical":"https:\/\/lugoson.com\/gl\/presentacion\/","og_locale":"gl_ES","og_type":"article","og_title":"Presentaci\u00f3n - Lugoson","og_description":"O Certame de cantautores Lugoson nace como unha iniciativa privada que busca rendir homenaxe a unha das figuras m\u00e1is representativas da m\u00fasica de autor en Espa\u00f1a, Javier Krahe. Krahe, autor reco\u00f1ecido pola iron\u00eda e a comedia nas s\u00faas canci\u00f3ns e idolatrado por outros grandes artistas Leer M\u00e1s...","og_url":"https:\/\/lugoson.com\/gl\/presentacion\/","og_site_name":"Lugoson","article_modified_time":"2022-04-16T16:18:26+00:00","og_image":[{"width":1920,"height":451,"url":"https:\/\/lugoson.com\/wp-content\/uploads\/2022\/04\/bg-bases.jpg","type":"image\/jpeg"}],"twitter_card":"summary_large_image","twitter_misc":{"Tempo de lectura":"2 minutos"},"schema":{"@context":"https:\/\/schema.org","@graph":[{"@type":"WebPage","@id":"https:\/\/lugoson.com\/gl\/presentacion\/","url":"https:\/\/lugoson.com\/gl\/presentacion\/","name":"Presentaci\u00f3n - Lugoson","isPartOf":{"@id":"https:\/\/lugoson.com\/gl\/#website"},"primaryImageOfPage":{"@id":"https:\/\/lugoson.com\/gl\/presentacion\/#primaryimage"},"image":{"@id":"https:\/\/lugoson.com\/presentacion\/#primaryimage"},"thumbnailUrl":"https:\/\/lugoson.com\/wp-content\/uploads\/2022\/04\/bg-bases.jpg","datePublished":"2022-03-30T16:21:58+00:00","dateModified":"2022-04-16T16:18:26+00:00","breadcrumb":{"@id":"https:\/\/lugoson.com\/gl\/presentacion\/#breadcrumb"},"inLanguage":"gl-ES","potentialAction":[{"@type":"ReadAction","target":[["https:\/\/lugoson.com\/gl\/presentacion\/"]]}]},{"@type":"ImageObject","inLanguage":"gl-ES","@id":"https:\/\/lugoson.com\/gl\/presentacion\/#primaryimage","url":"https:\/\/lugoson.com\/wp-content\/uploads\/2022\/04\/bg-bases.jpg","contentUrl":"https:\/\/lugoson.com\/wp-content\/uploads\/2022\/04\/bg-bases.jpg","width":1920,"height":451},{"@type":"BreadcrumbList","@id":"https:\/\/lugoson.com\/gl\/presentacion\/#breadcrumb","itemListElement":[{"@type":"ListItem","position":1,"name":"Portada","item":"https:\/\/lugoson.com\/gl\/"},{"@type":"ListItem","position":2,"name":"Presentaci\u00f3n"}]},{"@type":"WebSite","@id":"https:\/\/lugoson.com\/gl\/#website","url":"https:\/\/lugoson.com\/gl\/","name":"Lugoson","description":"I Certamen &#039;Javier Krahe&#039; de M\u00fasica de autor","publisher":{"@id":"https:\/\/lugoson.com\/gl\/#organization"},"potentialAction":[{"@type":"SearchAction","target":{"@type":"EntryPoint","urlTemplate":"https:\/\/lugoson.com\/gl\/?s={search_term_string}"},"query-input":{"@type":"PropertyValueSpecification","valueRequired":true,"valueName":"search_term_string"}}],"inLanguage":"gl-ES"},{"@type":"Organization","@id":"https:\/\/lugoson.com\/gl\/#organization","name":"Lugoson","url":"https:\/\/lugoson.com\/gl\/","logo":{"@type":"ImageObject","inLanguage":"gl-ES","@id":"https:\/\/lugoson.com\/gl\/#\/schema\/logo\/image\/","url":"https:\/\/lugoson.com\/wp-content\/uploads\/2022\/04\/lugoson-logo3.png","contentUrl":"https:\/\/lugoson.com\/wp-content\/uploads\/2022\/04\/lugoson-logo3.png","width":322,"height":150,"caption":"Lugoson"},"image":{"@id":"https:\/\/lugoson.com\/gl\/#\/schema\/logo\/image\/"}}]}},"_links":{"self":[{"href":"https:\/\/lugoson.com\/gl\/wp-json\/wp\/v2\/pages\/407","targetHints":{"allow":["GET"]}}],"collection":[{"href":"https:\/\/lugoson.com\/gl\/wp-json\/wp\/v2\/pages"}],"about":[{"href":"https:\/\/lugoson.com\/gl\/wp-json\/wp\/v2\/types\/page"}],"author":[{"embeddable":true,"href":"https:\/\/lugoson.com\/gl\/wp-json\/wp\/v2\/users\/1"}],"replies":[{"embeddable":true,"href":"https:\/\/lugoson.com\/gl\/wp-json\/wp\/v2\/comments?post=407"}],"version-history":[{"count":11,"href":"https:\/\/lugoson.com\/gl\/wp-json\/wp\/v2\/pages\/407\/revisions"}],"predecessor-version":[{"id":644,"href":"https:\/\/lugoson.com\/gl\/wp-json\/wp\/v2\/pages\/407\/revisions\/644"}],"wp:featuredmedia":[{"embeddable":true,"href":"https:\/\/lugoson.com\/gl\/wp-json\/wp\/v2\/media\/441"}],"wp:attachment":[{"href":"https:\/\/lugoson.com\/gl\/wp-json\/wp\/v2\/media?parent=407"}],"curies":[{"name":"wp","href":"https:\/\/api.w.org\/{rel}","templated":true}]}}