{"id":396,"date":"2022-03-04T15:03:06","date_gmt":"2022-03-04T15:03:06","guid":{"rendered":"https:\/\/www.lugoson.com\/?page_id=396"},"modified":"2022-04-13T06:44:11","modified_gmt":"2022-04-13T06:44:11","slug":"contacto","status":"publish","type":"page","link":"https:\/\/lugoson.com\/gl\/contacto\/","title":{"rendered":"Contacto"},"content":{"rendered":"<p>Ponte en contacto con n\u00f3s para calquer tipo de d\u00fabida sobre o certame. Podes cubrir o siguiente formulario ou env\u00edarnos un email directamente a <a href=\"mailto:hola@lugoson.com\">hola@lugoson.com<\/a><\/p>\n<p>\n<div class=\"wpcf7 no-js\" id=\"wpcf7-f356-o2\" lang=\"es-ES\" dir=\"ltr\" data-wpcf7-id=\"356\">\n<div class=\"screen-reader-response\"><p role=\"status\" aria-live=\"polite\" aria-atomic=\"true\"><\/p> <ul><\/ul><\/div>\n<form action=\"\/gl\/wp-json\/wp\/v2\/pages\/396#wpcf7-f356-o2\" method=\"post\" class=\"wpcf7-form init\" aria-label=\"Formulario de contacto\" novalidate=\"novalidate\" data-status=\"init\">\n<fieldset class=\"hidden-fields-container\"><input type=\"hidden\" name=\"_wpcf7\" value=\"356\" \/><input type=\"hidden\" name=\"_wpcf7_version\" value=\"6.1.4\" \/><input type=\"hidden\" name=\"_wpcf7_locale\" value=\"es_ES\" \/><input type=\"hidden\" name=\"_wpcf7_unit_tag\" value=\"wpcf7-f356-o2\" \/><input type=\"hidden\" name=\"_wpcf7_container_post\" value=\"0\" \/><input type=\"hidden\" name=\"_wpcf7_posted_data_hash\" value=\"\" \/><input type=\"hidden\" name=\"_wpcf7_recaptcha_response\" value=\"\" \/>\n<\/fieldset>\n<style>\ninput[type=\"text\"],input[type=\"email\"] {width:100% !important;}\n<\/style>\n<p><label> Nome<br \/>\n<span class=\"wpcf7-form-control-wrap\" data-name=\"your-name\"><input size=\"40\" maxlength=\"400\" class=\"wpcf7-form-control wpcf7-text wpcf7-validates-as-required\" aria-required=\"true\" aria-invalid=\"false\" value=\"\" type=\"text\" name=\"your-name\" \/><\/span> <\/label>\n<\/p>\n<p><label> email<br \/>\n<span class=\"wpcf7-form-control-wrap\" data-name=\"your-email\"><input size=\"40\" maxlength=\"400\" class=\"wpcf7-form-control wpcf7-email wpcf7-validates-as-required wpcf7-text wpcf7-validates-as-email\" aria-required=\"true\" aria-invalid=\"false\" value=\"\" type=\"email\" name=\"your-email\" \/><\/span> <\/label>\n<\/p>\n<p><label> Asunto<br \/>\n<span class=\"wpcf7-form-control-wrap\" data-name=\"your-subject\"><input size=\"40\" maxlength=\"400\" class=\"wpcf7-form-control wpcf7-text wpcf7-validates-as-required\" aria-required=\"true\" aria-invalid=\"false\" value=\"\" type=\"text\" name=\"your-subject\" \/><\/span> <\/label>\n<\/p>\n<p><label> Mensaxe<br \/>\n<span class=\"wpcf7-form-control-wrap\" data-name=\"your-message\"><textarea cols=\"40\" rows=\"10\" maxlength=\"2000\" class=\"wpcf7-form-control wpcf7-textarea\" aria-invalid=\"false\" name=\"your-message\"><\/textarea><\/span> <\/label>\n<\/p>\n<p><input class=\"wpcf7-form-control wpcf7-submit has-spinner\" type=\"submit\" value=\"Enviar\" \/>\n<\/p><div class=\"wpcf7-response-output\" aria-hidden=\"true\"><\/div>\n<\/form>\n<\/div>\n<\/p>","protected":false},"excerpt":{"rendered":"<p>Ponte en contacto con n\u00f3s para calquer tipo de d\u00fabida sobre o certame. Podes cubrir o siguiente formulario ou env\u00edarnos un email directamente a hola@lugoson.com<\/p>\n","protected":false},"author":1,"featured_media":441,"parent":0,"menu_order":0,"comment_status":"closed","ping_status":"closed","template":"","meta":{"footnotes":""},"class_list":["post-396","page","type-page","status-publish","has-post-thumbnail","hentry"],"yoast_head":"<!-- This site is optimized with the Yoast SEO plugin v26.5 - https:\/\/yoast.com\/wordpress\/plugins\/seo\/ -->\n<title>Contacto - Lugoson<\/title>\n<meta name=\"robots\" content=\"index, follow, max-snippet:-1, max-image-preview:large, max-video-preview:-1\" \/>\n<link rel=\"canonical\" href=\"https:\/\/lugoson.com\/gl\/contacto\/\" \/>\n<meta property=\"og:locale\" content=\"gl_ES\" \/>\n<meta property=\"og:type\" content=\"article\" \/>\n<meta property=\"og:title\" content=\"Contacto - Lugoson\" \/>\n<meta property=\"og:description\" content=\"Ponte en contacto con n\u00f3s para calquer tipo de d\u00fabida sobre o certame. Podes cubrir o siguiente formulario ou env\u00edarnos un email directamente a hola@lugoson.com\" \/>\n<meta property=\"og:url\" content=\"https:\/\/lugoson.com\/gl\/contacto\/\" \/>\n<meta property=\"og:site_name\" content=\"Lugoson\" \/>\n<meta property=\"article:modified_time\" content=\"2022-04-13T06:44:11+00:00\" \/>\n<meta property=\"og:image\" content=\"https:\/\/lugoson.com\/wp-content\/uploads\/2022\/04\/bg-bases.jpg\" \/>\n\t<meta property=\"og:image:width\" content=\"1920\" \/>\n\t<meta property=\"og:image:height\" content=\"451\" \/>\n\t<meta property=\"og:image:type\" content=\"image\/jpeg\" \/>\n<meta name=\"twitter:card\" content=\"summary_large_image\" \/>\n<meta name=\"twitter:label1\" content=\"Tempo de lectura\" \/>\n\t<meta name=\"twitter:data1\" content=\"1 minuto\" \/>\n<script type=\"application\/ld+json\" class=\"yoast-schema-graph\">{\"@context\":\"https:\/\/schema.org\",\"@graph\":[{\"@type\":\"WebPage\",\"@id\":\"https:\/\/lugoson.com\/gl\/contacto\/\",\"url\":\"https:\/\/lugoson.com\/gl\/contacto\/\",\"name\":\"Contacto - Lugoson\",\"isPartOf\":{\"@id\":\"https:\/\/lugoson.com\/gl\/#website\"},\"primaryImageOfPage\":{\"@id\":\"https:\/\/lugoson.com\/gl\/contacto\/#primaryimage\"},\"image\":{\"@id\":\"https:\/\/lugoson.com\/contacto\/#primaryimage\"},\"thumbnailUrl\":\"https:\/\/lugoson.com\/wp-content\/uploads\/2022\/04\/bg-bases.jpg\",\"datePublished\":\"2022-03-04T15:03:06+00:00\",\"dateModified\":\"2022-04-13T06:44:11+00:00\",\"breadcrumb\":{\"@id\":\"https:\/\/lugoson.com\/gl\/contacto\/#breadcrumb\"},\"inLanguage\":\"gl-ES\",\"potentialAction\":[{\"@type\":\"ReadAction\",\"target\":[[\"https:\/\/lugoson.com\/gl\/contacto\/\"]]}]},{\"@type\":\"ImageObject\",\"inLanguage\":\"gl-ES\",\"@id\":\"https:\/\/lugoson.com\/gl\/contacto\/#primaryimage\",\"url\":\"https:\/\/lugoson.com\/wp-content\/uploads\/2022\/04\/bg-bases.jpg\",\"contentUrl\":\"https:\/\/lugoson.com\/wp-content\/uploads\/2022\/04\/bg-bases.jpg\",\"width\":1920,\"height\":451},{\"@type\":\"BreadcrumbList\",\"@id\":\"https:\/\/lugoson.com\/gl\/contacto\/#breadcrumb\",\"itemListElement\":[{\"@type\":\"ListItem\",\"position\":1,\"name\":\"Portada\",\"item\":\"https:\/\/lugoson.com\/gl\/\"},{\"@type\":\"ListItem\",\"position\":2,\"name\":\"Contacto\"}]},{\"@type\":\"WebSite\",\"@id\":\"https:\/\/lugoson.com\/gl\/#website\",\"url\":\"https:\/\/lugoson.com\/gl\/\",\"name\":\"Lugoson\",\"description\":\"I Certamen &#039;Javier Krahe&#039; de M\u00fasica de autor\",\"publisher\":{\"@id\":\"https:\/\/lugoson.com\/gl\/#organization\"},\"potentialAction\":[{\"@type\":\"SearchAction\",\"target\":{\"@type\":\"EntryPoint\",\"urlTemplate\":\"https:\/\/lugoson.com\/gl\/?s={search_term_string}\"},\"query-input\":{\"@type\":\"PropertyValueSpecification\",\"valueRequired\":true,\"valueName\":\"search_term_string\"}}],\"inLanguage\":\"gl-ES\"},{\"@type\":\"Organization\",\"@id\":\"https:\/\/lugoson.com\/gl\/#organization\",\"name\":\"Lugoson\",\"url\":\"https:\/\/lugoson.com\/gl\/\",\"logo\":{\"@type\":\"ImageObject\",\"inLanguage\":\"gl-ES\",\"@id\":\"https:\/\/lugoson.com\/gl\/#\/schema\/logo\/image\/\",\"url\":\"https:\/\/lugoson.com\/wp-content\/uploads\/2022\/04\/lugoson-logo3.png\",\"contentUrl\":\"https:\/\/lugoson.com\/wp-content\/uploads\/2022\/04\/lugoson-logo3.png\",\"width\":322,\"height\":150,\"caption\":\"Lugoson\"},\"image\":{\"@id\":\"https:\/\/lugoson.com\/gl\/#\/schema\/logo\/image\/\"}}]}<\/script>\n<!-- \/ Yoast SEO plugin. -->","yoast_head_json":{"title":"Contacto - Lugoson","robots":{"index":"index","follow":"follow","max-snippet":"max-snippet:-1","max-image-preview":"max-image-preview:large","max-video-preview":"max-video-preview:-1"},"canonical":"https:\/\/lugoson.com\/gl\/contacto\/","og_locale":"gl_ES","og_type":"article","og_title":"Contacto - Lugoson","og_description":"Ponte en contacto con n\u00f3s para calquer tipo de d\u00fabida sobre o certame. Podes cubrir o siguiente formulario ou env\u00edarnos un email directamente a hola@lugoson.com","og_url":"https:\/\/lugoson.com\/gl\/contacto\/","og_site_name":"Lugoson","article_modified_time":"2022-04-13T06:44:11+00:00","og_image":[{"width":1920,"height":451,"url":"https:\/\/lugoson.com\/wp-content\/uploads\/2022\/04\/bg-bases.jpg","type":"image\/jpeg"}],"twitter_card":"summary_large_image","twitter_misc":{"Tempo de lectura":"1 minuto"},"schema":{"@context":"https:\/\/schema.org","@graph":[{"@type":"WebPage","@id":"https:\/\/lugoson.com\/gl\/contacto\/","url":"https:\/\/lugoson.com\/gl\/contacto\/","name":"Contacto - Lugoson","isPartOf":{"@id":"https:\/\/lugoson.com\/gl\/#website"},"primaryImageOfPage":{"@id":"https:\/\/lugoson.com\/gl\/contacto\/#primaryimage"},"image":{"@id":"https:\/\/lugoson.com\/contacto\/#primaryimage"},"thumbnailUrl":"https:\/\/lugoson.com\/wp-content\/uploads\/2022\/04\/bg-bases.jpg","datePublished":"2022-03-04T15:03:06+00:00","dateModified":"2022-04-13T06:44:11+00:00","breadcrumb":{"@id":"https:\/\/lugoson.com\/gl\/contacto\/#breadcrumb"},"inLanguage":"gl-ES","potentialAction":[{"@type":"ReadAction","target":[["https:\/\/lugoson.com\/gl\/contacto\/"]]}]},{"@type":"ImageObject","inLanguage":"gl-ES","@id":"https:\/\/lugoson.com\/gl\/contacto\/#primaryimage","url":"https:\/\/lugoson.com\/wp-content\/uploads\/2022\/04\/bg-bases.jpg","contentUrl":"https:\/\/lugoson.com\/wp-content\/uploads\/2022\/04\/bg-bases.jpg","width":1920,"height":451},{"@type":"BreadcrumbList","@id":"https:\/\/lugoson.com\/gl\/contacto\/#breadcrumb","itemListElement":[{"@type":"ListItem","position":1,"name":"Portada","item":"https:\/\/lugoson.com\/gl\/"},{"@type":"ListItem","position":2,"name":"Contacto"}]},{"@type":"WebSite","@id":"https:\/\/lugoson.com\/gl\/#website","url":"https:\/\/lugoson.com\/gl\/","name":"Lugoson","description":"I Certamen &#039;Javier Krahe&#039; de M\u00fasica de autor","publisher":{"@id":"https:\/\/lugoson.com\/gl\/#organization"},"potentialAction":[{"@type":"SearchAction","target":{"@type":"EntryPoint","urlTemplate":"https:\/\/lugoson.com\/gl\/?s={search_term_string}"},"query-input":{"@type":"PropertyValueSpecification","valueRequired":true,"valueName":"search_term_string"}}],"inLanguage":"gl-ES"},{"@type":"Organization","@id":"https:\/\/lugoson.com\/gl\/#organization","name":"Lugoson","url":"https:\/\/lugoson.com\/gl\/","logo":{"@type":"ImageObject","inLanguage":"gl-ES","@id":"https:\/\/lugoson.com\/gl\/#\/schema\/logo\/image\/","url":"https:\/\/lugoson.com\/wp-content\/uploads\/2022\/04\/lugoson-logo3.png","contentUrl":"https:\/\/lugoson.com\/wp-content\/uploads\/2022\/04\/lugoson-logo3.png","width":322,"height":150,"caption":"Lugoson"},"image":{"@id":"https:\/\/lugoson.com\/gl\/#\/schema\/logo\/image\/"}}]}},"_links":{"self":[{"href":"https:\/\/lugoson.com\/gl\/wp-json\/wp\/v2\/pages\/396","targetHints":{"allow":["GET"]}}],"collection":[{"href":"https:\/\/lugoson.com\/gl\/wp-json\/wp\/v2\/pages"}],"about":[{"href":"https:\/\/lugoson.com\/gl\/wp-json\/wp\/v2\/types\/page"}],"author":[{"embeddable":true,"href":"https:\/\/lugoson.com\/gl\/wp-json\/wp\/v2\/users\/1"}],"replies":[{"embeddable":true,"href":"https:\/\/lugoson.com\/gl\/wp-json\/wp\/v2\/comments?post=396"}],"version-history":[{"count":9,"href":"https:\/\/lugoson.com\/gl\/wp-json\/wp\/v2\/pages\/396\/revisions"}],"predecessor-version":[{"id":601,"href":"https:\/\/lugoson.com\/gl\/wp-json\/wp\/v2\/pages\/396\/revisions\/601"}],"wp:featuredmedia":[{"embeddable":true,"href":"https:\/\/lugoson.com\/gl\/wp-json\/wp\/v2\/media\/441"}],"wp:attachment":[{"href":"https:\/\/lugoson.com\/gl\/wp-json\/wp\/v2\/media?parent=396"}],"curies":[{"name":"wp","href":"https:\/\/api.w.org\/{rel}","templated":true}]}}