{"id":390,"date":"2022-03-04T12:00:28","date_gmt":"2022-03-04T12:00:28","guid":{"rendered":"https:\/\/www.lugoson.com\/?page_id=390"},"modified":"2022-05-14T10:53:09","modified_gmt":"2022-05-14T08:53:09","slug":"la-sala","status":"publish","type":"page","link":"https:\/\/lugoson.com\/gl\/la-sala\/","title":{"rendered":"A Sala"},"content":{"rendered":"<p>El <a href=\"https:\/\/www.clavicembalo.com\" target=\"_blank\" rel=\"noopener\"><strong>Club Clavic\u00e9mbalo<\/strong><\/a> Es un local fundado en el a\u00f1o 1986 que se encuentra desde el 31 de agosto de 1995 en la C\/ Paxari\u00f1os, n\u00ba 23, y tiene unas caracter\u00edsticas propias o que lo diferencian de otros locales que existen en nuestro destruido planeta (a\u00fan quedan sitios hermosos&#8230;).<\/p>\n<p>En este club se apuesta por la m\u00fasica en directo y por otras actividades culturales.<\/p>\n<p>Su apuesta siempre ha sido la calidad; s\u00f3lo \u00e9sta nos puede otorgar el apoyo de un p\u00fablico que si conf\u00eda en que la calidad su &#8220;principio&#8221;, se mostrar\u00e1 en buena disposici\u00f3n para aceptar las &#8220;novedades&#8221; que se propondr\u00e1n cada mes.<\/p>\n<p>A lo largo de 35 a\u00f1os, ha visto crecer desde aquellas primeras veces en que subieron, nerviosos, a su escenario a muchos m\u00fasicos; compositores, cantautores, int\u00e9rpretes, que hoy en d\u00eda son realmente grandes. No nos olvidamos de los actores, humoristas, cuentacuentos y \u201cdem\u00e1s poetas\u201d. Tampoco a los diversos artistas que expusieron sus obras pict\u00f3ricas y escult\u00f3ricas a la opini\u00f3n de los que lo visitaron.<\/p>\n<p>La programaci\u00f3n, desde la misma apertura del local, fue pensada para promover la m\u00fasica en directo, y el <strong>Clavic\u00e9mbalo<\/strong> colabora actualmente con escuelas privadas de m\u00fasica dando la oportunidad a los alumnos de presentarse ante el p\u00fablico.<\/p>\n<p>Hace a\u00f1os que la oferta musical no se limita al jazz en los conciertos y otros estilos como el funky, blues, flamenco o el rock gozan de igual acogida en el escenario del Club. No en vano, el <strong>Clavic\u00e9mbalo<\/strong> es socio e impulsor de la &#8220;Asociaci\u00f3n Gallega de Salas de M\u00fasica en Vivo&#8221;.<\/p>\n<p><strong>Clavic\u00e9mbalo<\/strong>, <strong>Clavic\u00e9mbalo<\/strong>&#8230; Espejito cultural fiel a su historia que ha reflejado, noche tras noche, el prodigio de la m\u00fasica en vivo: jazz, blues, funky, bossa, tango, etc. En el interior, la sala sin nuevos dise\u00f1os, que lo cl\u00e1sico no expira.<\/p>\n<p>Y ahora, cerca de cumplir los 36 a\u00f1itos, el \u201c<em>Clavi<\/em>\u201d no va a perder su identidad. Aquella hecha de sonidos, de iluminaci\u00f3n y sombras, combinados, besos y abrazos, hecha de comuniones diversas, aquella que lo convierte en abrigo de almas sedientas o inquietas. Copas, amistades, m\u00fasicos, redobles, acordes&#8230;<\/p>\n<p>Despu\u00e9s de 35 a\u00f1os vividos el \u201c<em>Clavi<\/em>\u201d prosigue su andadura nocturna estrellada de presencias: <strong>Lucrecia, Marc Miralta, Llibert Fortuny, Chano Dom\u00ednguez, Jerry Gonz\u00e1lez, Jorge Pardo, Javier Krahe, Abe R\u00e1bade, Paco Charl\u00edn, Javier Ruibal, Albert Pla, Leo Masl\u00edah, Carmen Par\u00eds, Berrog\u00fceto, Carlos Blanco,Violadores del Verso<\/strong>\u2026\u00bfY ma\u00f1ana qui\u00e9n? Puede que ma\u00f1ana sea un artista extranjero: <strong>Gary Bartz, Rez Abassi, Christian Howes, Graham Foster, Ernie Hawkins, Gary Smullyan<\/strong>&#8230; Da lo mismo: comienza la actuaci\u00f3n, aparece \u201ceso\u201d que viaja entre m\u00fasicos y entre el p\u00fablico, \u201ceso\u201d que transmite fuerza, eleva y harmoniza y \u201ceso\u201d tambi\u00e9n se transmite a aquellos ne\u00f3fitos que pisan su escenario por primera vez.<\/p>\n<p>Noches y noches de caf\u00e9s, whisky, ron, estrellas, ginebra, vodkas, mojitos, irlandeses, Cointreau, T\u00eda Mar\u00eda y Magno, mucho Magno&#8230;<\/p>\n<p>Desde su inauguraci\u00f3n hasta ahora, tuvieron lugar en este rinconcito de arte m\u00e1s de <strong>4.750 actividades<\/strong>&#8230; Y la pr\u00f3xima, ma\u00f1ana\u2026 El \u201c<em>Clavi<\/em>\u201d cumpli\u00f3 en el a\u00f1o 2021 su XXXV Aniversario gracias a todos vosotros, que de una u otra manera hab\u00e9is contribu\u00eddo a sumar esta fecha en su \u201ccurr\u00edculum\u201d particular.<\/p>\n\n\t\t<style type=\"text\/css\">\n\t\t\t#gallery-2 {\n\t\t\t\tmargin: auto;\n\t\t\t}\n\t\t\t#gallery-2 .gallery-item {\n\t\t\t\tfloat: left;\n\t\t\t\tmargin-top: 10px;\n\t\t\t\ttext-align: center;\n\t\t\t\twidth: 20%;\n\t\t\t}\n\t\t\t#gallery-2 img {\n\t\t\t\tborder: 2px solid #cfcfcf;\n\t\t\t}\n\t\t\t#gallery-2 .gallery-caption {\n\t\t\t\tmargin-left: 0;\n\t\t\t}\n\t\t\t\/* see gallery_shortcode() in wp-includes\/media.php *\/\n\t\t<\/style>\n\t\t<div id='gallery-2' class='gallery galleryid-390 gallery-columns-5 gallery-size-thumbnail'><dl class='gallery-item'>\n\t\t\t<dt class='gallery-icon landscape'>\n\t\t\t\t<a href='https:\/\/lugoson.com\/gl\/la-sala\/clavi-01\/#main'><img decoding=\"async\" width=\"150\" height=\"150\" src=\"https:\/\/lugoson.com\/wp-content\/uploads\/2022\/05\/clavi-01-150x150.jpg\" class=\"attachment-thumbnail size-thumbnail\" alt=\"\" \/><\/a>\n\t\t\t<\/dt><\/dl><dl class='gallery-item'>\n\t\t\t<dt class='gallery-icon landscape'>\n\t\t\t\t<a href='https:\/\/lugoson.com\/gl\/la-sala\/clavi-05\/#main'><img decoding=\"async\" width=\"150\" height=\"150\" src=\"https:\/\/lugoson.com\/wp-content\/uploads\/2022\/05\/clavi-05-150x150.jpg\" class=\"attachment-thumbnail size-thumbnail\" alt=\"\" \/><\/a>\n\t\t\t<\/dt><\/dl><dl class='gallery-item'>\n\t\t\t<dt class='gallery-icon landscape'>\n\t\t\t\t<a href='https:\/\/lugoson.com\/gl\/la-sala\/clavi-02\/#main'><img decoding=\"async\" width=\"150\" height=\"150\" src=\"https:\/\/lugoson.com\/wp-content\/uploads\/2022\/05\/clavi-02-150x150.jpg\" class=\"attachment-thumbnail size-thumbnail\" alt=\"\" \/><\/a>\n\t\t\t<\/dt><\/dl><dl class='gallery-item'>\n\t\t\t<dt class='gallery-icon landscape'>\n\t\t\t\t<a href='https:\/\/lugoson.com\/gl\/la-sala\/clavi-04\/#main'><img loading=\"lazy\" decoding=\"async\" width=\"150\" height=\"150\" src=\"https:\/\/lugoson.com\/wp-content\/uploads\/2022\/05\/clavi-04-150x150.jpg\" class=\"attachment-thumbnail size-thumbnail\" alt=\"\" \/><\/a>\n\t\t\t<\/dt><\/dl><dl class='gallery-item'>\n\t\t\t<dt class='gallery-icon landscape'>\n\t\t\t\t<a href='https:\/\/lugoson.com\/gl\/la-sala\/clavi-03\/#main'><img loading=\"lazy\" decoding=\"async\" width=\"150\" height=\"150\" src=\"https:\/\/lugoson.com\/wp-content\/uploads\/2022\/05\/clavi-03-150x150.jpg\" class=\"attachment-thumbnail size-thumbnail\" alt=\"\" \/><\/a>\n\t\t\t<\/dt><\/dl><br style=\"clear: both\" \/>\n\t\t<\/div>\n\n<p>&nbsp;<\/p>\n<blockquote><p>Aqu\u00ed y All\u00e1, por estas tierras, los fervorosos amantes del jazz se ven abocados a abrir ellos mismos los locales donde escuchar su m\u00fasica favorita. Hay otras posibilidades: esperar a que suceda alg\u00fan festival que no durar\u00e1 m\u00e1s de una semana al a\u00f1o -y generalmente en Vitoria o San Sebasti\u00e1n- o bien o\u00edr grabaciones. La primera es escasa y la segunda no es plena. Porque los grandes aficionados quieren ver a sus m\u00fasicos de cerca y verlos a menudo. Otras posibilidades, ser rico por tu casa e irte a vivir a Nueva York o a Nueva Orle\u00e1ns, son muy recomendables.<\/p>\n<p>Pero \u00bfy si no eres heredero y adem\u00e1s te parece bien vivir -por poner un ejemplo- en Lugo? As\u00ed que, contra viento y marea, algunos emprendedores consiguen que existan sitios como el Clavic\u00e9mbalo. En Lugo, precisamente. Fant\u00e1stico.<\/p>\n<p>Luego viene el tiempo con sus muchas manifestaciones y su cal y su arena. Y sabido es que los &#8220;grandes aficionados&#8221; son s\u00f3lo un pu\u00f1ado y que un local debe permanecer abierto&#8230; Entonces debe abrirse a otros g\u00e9neros. Y as\u00ed, gente como yo, autor de canciones con poco swing, aparece por all\u00ed. Afortunadamente para m\u00ed.<\/p>\n<p>Van ya unos veinte a\u00f1os desde que actu\u00e9 en el &#8220;Clavi&#8221; por primera vez. Todav\u00eda no estaba en la calle do Paxari\u00f1os pero ya era igual al de ahora. Las mismas personas, el mismo calor. \u00bfQu\u00e9 m\u00e1s quiere uno que se sube a un escenario? Pues&#8230; Volver.<\/p>\n<p style=\"text-align: right;\"><em>Javier Krahe<\/em><\/p>\n<\/blockquote>\n<p><\/p>","protected":false},"excerpt":{"rendered":"<p>El Club Clavic\u00e9mbalo Es un local fundado en el a\u00f1o 1986 que se encuentra desde el 31 de agosto de 1995 en la C\/ Paxari\u00f1os, n\u00ba 23, y tiene unas caracter\u00edsticas propias o que lo diferencian de otros locales que existen en nuestro destruido planeta <span class=\"read-more\"><a class=\"more-link btn btn-transparent\" href=\"https:\/\/lugoson.com\/gl\/la-sala\/\">Leer M\u00e1s&#8230;<\/a><\/span><\/p>\n","protected":false},"author":1,"featured_media":695,"parent":0,"menu_order":0,"comment_status":"closed","ping_status":"closed","template":"","meta":{"footnotes":""},"class_list":["post-390","page","type-page","status-publish","has-post-thumbnail","hentry"],"yoast_head":"<!-- This site is optimized with the Yoast SEO plugin v26.5 - https:\/\/yoast.com\/wordpress\/plugins\/seo\/ -->\n<title>A Sala - Lugoson<\/title>\n<meta name=\"robots\" content=\"index, follow, max-snippet:-1, max-image-preview:large, max-video-preview:-1\" \/>\n<link rel=\"canonical\" href=\"https:\/\/lugoson.com\/gl\/la-sala\/\" \/>\n<meta property=\"og:locale\" content=\"gl_ES\" \/>\n<meta property=\"og:type\" content=\"article\" \/>\n<meta property=\"og:title\" content=\"A Sala - Lugoson\" \/>\n<meta property=\"og:description\" content=\"El Club Clavic\u00e9mbalo Es un local fundado en el a\u00f1o 1986 que se encuentra desde el 31 de agosto de 1995 en la C\/ Paxari\u00f1os, n\u00ba 23, y tiene unas caracter\u00edsticas propias o que lo diferencian de otros locales que existen en nuestro destruido planeta Leer M\u00e1s...\" \/>\n<meta property=\"og:url\" content=\"https:\/\/lugoson.com\/gl\/la-sala\/\" \/>\n<meta property=\"og:site_name\" content=\"Lugoson\" \/>\n<meta property=\"article:modified_time\" content=\"2022-05-14T08:53:09+00:00\" \/>\n<meta property=\"og:image\" content=\"https:\/\/lugoson.com\/wp-content\/uploads\/2022\/05\/bg-la-sala5.jpg\" \/>\n\t<meta property=\"og:image:width\" content=\"1920\" \/>\n\t<meta property=\"og:image:height\" content=\"451\" \/>\n\t<meta property=\"og:image:type\" content=\"image\/jpeg\" \/>\n<meta name=\"twitter:card\" content=\"summary_large_image\" \/>\n<meta name=\"twitter:label1\" content=\"Tempo de lectura\" \/>\n\t<meta name=\"twitter:data1\" content=\"8 minutos\" \/>\n<script type=\"application\/ld+json\" class=\"yoast-schema-graph\">{\"@context\":\"https:\/\/schema.org\",\"@graph\":[{\"@type\":\"WebPage\",\"@id\":\"https:\/\/lugoson.com\/gl\/la-sala\/\",\"url\":\"https:\/\/lugoson.com\/gl\/la-sala\/\",\"name\":\"A Sala - Lugoson\",\"isPartOf\":{\"@id\":\"https:\/\/lugoson.com\/gl\/#website\"},\"primaryImageOfPage\":{\"@id\":\"https:\/\/lugoson.com\/gl\/la-sala\/#primaryimage\"},\"image\":{\"@id\":\"https:\/\/lugoson.com\/la-sala\/#primaryimage\"},\"thumbnailUrl\":\"https:\/\/lugoson.com\/wp-content\/uploads\/2022\/05\/bg-la-sala5.jpg\",\"datePublished\":\"2022-03-04T12:00:28+00:00\",\"dateModified\":\"2022-05-14T08:53:09+00:00\",\"breadcrumb\":{\"@id\":\"https:\/\/lugoson.com\/gl\/la-sala\/#breadcrumb\"},\"inLanguage\":\"gl-ES\",\"potentialAction\":[{\"@type\":\"ReadAction\",\"target\":[[\"https:\/\/lugoson.com\/gl\/la-sala\/\"]]}]},{\"@type\":\"ImageObject\",\"inLanguage\":\"gl-ES\",\"@id\":\"https:\/\/lugoson.com\/gl\/la-sala\/#primaryimage\",\"url\":\"https:\/\/lugoson.com\/wp-content\/uploads\/2022\/05\/bg-la-sala5.jpg\",\"contentUrl\":\"https:\/\/lugoson.com\/wp-content\/uploads\/2022\/05\/bg-la-sala5.jpg\",\"width\":1920,\"height\":451},{\"@type\":\"BreadcrumbList\",\"@id\":\"https:\/\/lugoson.com\/gl\/la-sala\/#breadcrumb\",\"itemListElement\":[{\"@type\":\"ListItem\",\"position\":1,\"name\":\"Portada\",\"item\":\"https:\/\/lugoson.com\/gl\/\"},{\"@type\":\"ListItem\",\"position\":2,\"name\":\"La Sala\"}]},{\"@type\":\"WebSite\",\"@id\":\"https:\/\/lugoson.com\/gl\/#website\",\"url\":\"https:\/\/lugoson.com\/gl\/\",\"name\":\"Lugoson\",\"description\":\"I Certamen &#039;Javier Krahe&#039; de M\u00fasica de autor\",\"publisher\":{\"@id\":\"https:\/\/lugoson.com\/gl\/#organization\"},\"potentialAction\":[{\"@type\":\"SearchAction\",\"target\":{\"@type\":\"EntryPoint\",\"urlTemplate\":\"https:\/\/lugoson.com\/gl\/?s={search_term_string}\"},\"query-input\":{\"@type\":\"PropertyValueSpecification\",\"valueRequired\":true,\"valueName\":\"search_term_string\"}}],\"inLanguage\":\"gl-ES\"},{\"@type\":\"Organization\",\"@id\":\"https:\/\/lugoson.com\/gl\/#organization\",\"name\":\"Lugoson\",\"url\":\"https:\/\/lugoson.com\/gl\/\",\"logo\":{\"@type\":\"ImageObject\",\"inLanguage\":\"gl-ES\",\"@id\":\"https:\/\/lugoson.com\/gl\/#\/schema\/logo\/image\/\",\"url\":\"https:\/\/lugoson.com\/wp-content\/uploads\/2022\/04\/lugoson-logo3.png\",\"contentUrl\":\"https:\/\/lugoson.com\/wp-content\/uploads\/2022\/04\/lugoson-logo3.png\",\"width\":322,\"height\":150,\"caption\":\"Lugoson\"},\"image\":{\"@id\":\"https:\/\/lugoson.com\/gl\/#\/schema\/logo\/image\/\"}}]}<\/script>\n<!-- \/ Yoast SEO plugin. -->","yoast_head_json":{"title":"A Sala - Lugoson","robots":{"index":"index","follow":"follow","max-snippet":"max-snippet:-1","max-image-preview":"max-image-preview:large","max-video-preview":"max-video-preview:-1"},"canonical":"https:\/\/lugoson.com\/gl\/la-sala\/","og_locale":"gl_ES","og_type":"article","og_title":"A Sala - Lugoson","og_description":"El Club Clavic\u00e9mbalo Es un local fundado en el a\u00f1o 1986 que se encuentra desde el 31 de agosto de 1995 en la C\/ Paxari\u00f1os, n\u00ba 23, y tiene unas caracter\u00edsticas propias o que lo diferencian de otros locales que existen en nuestro destruido planeta Leer M\u00e1s...","og_url":"https:\/\/lugoson.com\/gl\/la-sala\/","og_site_name":"Lugoson","article_modified_time":"2022-05-14T08:53:09+00:00","og_image":[{"width":1920,"height":451,"url":"https:\/\/lugoson.com\/wp-content\/uploads\/2022\/05\/bg-la-sala5.jpg","type":"image\/jpeg"}],"twitter_card":"summary_large_image","twitter_misc":{"Tempo de lectura":"8 minutos"},"schema":{"@context":"https:\/\/schema.org","@graph":[{"@type":"WebPage","@id":"https:\/\/lugoson.com\/gl\/la-sala\/","url":"https:\/\/lugoson.com\/gl\/la-sala\/","name":"A Sala - Lugoson","isPartOf":{"@id":"https:\/\/lugoson.com\/gl\/#website"},"primaryImageOfPage":{"@id":"https:\/\/lugoson.com\/gl\/la-sala\/#primaryimage"},"image":{"@id":"https:\/\/lugoson.com\/la-sala\/#primaryimage"},"thumbnailUrl":"https:\/\/lugoson.com\/wp-content\/uploads\/2022\/05\/bg-la-sala5.jpg","datePublished":"2022-03-04T12:00:28+00:00","dateModified":"2022-05-14T08:53:09+00:00","breadcrumb":{"@id":"https:\/\/lugoson.com\/gl\/la-sala\/#breadcrumb"},"inLanguage":"gl-ES","potentialAction":[{"@type":"ReadAction","target":[["https:\/\/lugoson.com\/gl\/la-sala\/"]]}]},{"@type":"ImageObject","inLanguage":"gl-ES","@id":"https:\/\/lugoson.com\/gl\/la-sala\/#primaryimage","url":"https:\/\/lugoson.com\/wp-content\/uploads\/2022\/05\/bg-la-sala5.jpg","contentUrl":"https:\/\/lugoson.com\/wp-content\/uploads\/2022\/05\/bg-la-sala5.jpg","width":1920,"height":451},{"@type":"BreadcrumbList","@id":"https:\/\/lugoson.com\/gl\/la-sala\/#breadcrumb","itemListElement":[{"@type":"ListItem","position":1,"name":"Portada","item":"https:\/\/lugoson.com\/gl\/"},{"@type":"ListItem","position":2,"name":"La Sala"}]},{"@type":"WebSite","@id":"https:\/\/lugoson.com\/gl\/#website","url":"https:\/\/lugoson.com\/gl\/","name":"Lugoson","description":"I Certamen &#039;Javier Krahe&#039; de M\u00fasica de autor","publisher":{"@id":"https:\/\/lugoson.com\/gl\/#organization"},"potentialAction":[{"@type":"SearchAction","target":{"@type":"EntryPoint","urlTemplate":"https:\/\/lugoson.com\/gl\/?s={search_term_string}"},"query-input":{"@type":"PropertyValueSpecification","valueRequired":true,"valueName":"search_term_string"}}],"inLanguage":"gl-ES"},{"@type":"Organization","@id":"https:\/\/lugoson.com\/gl\/#organization","name":"Lugoson","url":"https:\/\/lugoson.com\/gl\/","logo":{"@type":"ImageObject","inLanguage":"gl-ES","@id":"https:\/\/lugoson.com\/gl\/#\/schema\/logo\/image\/","url":"https:\/\/lugoson.com\/wp-content\/uploads\/2022\/04\/lugoson-logo3.png","contentUrl":"https:\/\/lugoson.com\/wp-content\/uploads\/2022\/04\/lugoson-logo3.png","width":322,"height":150,"caption":"Lugoson"},"image":{"@id":"https:\/\/lugoson.com\/gl\/#\/schema\/logo\/image\/"}}]}},"_links":{"self":[{"href":"https:\/\/lugoson.com\/gl\/wp-json\/wp\/v2\/pages\/390","targetHints":{"allow":["GET"]}}],"collection":[{"href":"https:\/\/lugoson.com\/gl\/wp-json\/wp\/v2\/pages"}],"about":[{"href":"https:\/\/lugoson.com\/gl\/wp-json\/wp\/v2\/types\/page"}],"author":[{"embeddable":true,"href":"https:\/\/lugoson.com\/gl\/wp-json\/wp\/v2\/users\/1"}],"replies":[{"embeddable":true,"href":"https:\/\/lugoson.com\/gl\/wp-json\/wp\/v2\/comments?post=390"}],"version-history":[{"count":8,"href":"https:\/\/lugoson.com\/gl\/wp-json\/wp\/v2\/pages\/390\/revisions"}],"predecessor-version":[{"id":705,"href":"https:\/\/lugoson.com\/gl\/wp-json\/wp\/v2\/pages\/390\/revisions\/705"}],"wp:featuredmedia":[{"embeddable":true,"href":"https:\/\/lugoson.com\/gl\/wp-json\/wp\/v2\/media\/695"}],"wp:attachment":[{"href":"https:\/\/lugoson.com\/gl\/wp-json\/wp\/v2\/media?parent=390"}],"curies":[{"name":"wp","href":"https:\/\/api.w.org\/{rel}","templated":true}]}}