{"id":365,"date":"2022-03-02T18:16:58","date_gmt":"2022-03-02T18:16:58","guid":{"rendered":"https:\/\/www.lugoson.com\/?page_id=365"},"modified":"2023-06-15T10:31:10","modified_gmt":"2023-06-15T08:31:10","slug":"bases-del-certamen","status":"publish","type":"page","link":"https:\/\/lugoson.com\/gl\/bases-del-certamen\/","title":{"rendered":"Bases do certame"},"content":{"rendered":"<p>Lugo, Xu\u00f1o 2023<\/p>\n<p>Conv\u00f3case la segunda edici\u00f3n do Certame de cantautores e cantautoras \u201c<strong>LUGOSON<\/strong>\u201d, no que poder\u00e1n participar todas as persoas interesadas de acordo coas seguintes BASES:<\/p>\n<p>1.- Para participar ser\u00e1 necesario presentar inscripci\u00f3n no plazo estipulado. Poder\u00e1 participar calquera persoa interesada, sen exclusi\u00f3n por l\u00edmite de idade e sempre que non te\u00f1a contrato discogr\u00e1fico en vigor. Do mesmo xeito, quedan excluidos de participaci\u00f3n aqueles\/as cantautores\/as que xa fosen finalistas do certame en anteriores edici\u00f3ns.<\/p>\n<p>2.- O plazo de presentaci\u00f3n de inscripci\u00f3ns permanecer\u00e1 aberto <strong>dende o 15 de xu\u00f1o de 2023 ata o 20 de agosto de 2023<\/strong>. A documentaci\u00f3n requerida no punto 3 destas bases remitirase \u00e1 seguinte direcci\u00f3n de correo electr\u00f3nico: <a href=\"mailto:hola@lugoson.com\">hola@lugoson.com<\/a><\/p>\n<p>Na barra de asunto constar\u00e1 \u201cInscripci\u00f3n II Certamen Lugoson\u201d e o nome da persoa participante. Non ser\u00e1n admitidas as inscripci\u00f3ns enviadas fora do plazo estipulado.<\/p>\n<p>3.- No e-mail enviado adxuntaranse os seguintes arquivos:<\/p>\n<ul>\n<li>Arquivo Word ou PDF c\u00f3s seguintes datos:<\/li>\n<\/ul>\n<ol>\n<li><strong>Nome<\/strong><\/li>\n<li><strong>Nome art\u00edstico<\/strong><\/li>\n<li><strong>Domicilio<\/strong><\/li>\n<li><strong>Tel\u00e9fono<\/strong><\/li>\n<li><strong>Correo electr\u00f3nico<\/strong><\/li>\n<li><strong>Lugar de nacemento \/ data<\/strong><\/li>\n<li><strong>N\u00ba DNI ou Pasaporte<\/strong><\/li>\n<\/ol>\n<ul>\n<li>Tres canci\u00f3ns en formato mp3, das cales dous deber\u00e1n ser de autor\u00eda propia (orixinais en m\u00fasica e letra) e <span style=\"text-decoration: underline;\">a terceira deber\u00e1 versionar unha canci\u00f3n de Javier Krahe<\/span>. Estas canci\u00f3ns deben estar grabadas a voz e un instrumento, non admitindo as que estean m\u00e1is orquestadas. As canci\u00f3ns deber\u00e1n estar interpretadas polo su autor o autora, acompa\u00f1ado\/a con un \u00fanico instrumento, non puidendo superar os 5 minutos por canci\u00f3n. Si se admiten os d\u00faos nos que o formato sexa dous voces e un instrumento, as\u00ed como as presentaci\u00f3ns do autor o autora das canci\u00f3ns con outra persoa como acompa\u00f1ante de coros. Asimesmo admitirase tam\u00e9n a aquel cantautor o cantautora que adem\u00e1is da guitarra se acompa\u00f1e tocando \u00e9l\/ela mesmo\/a a arm\u00f3nica.<\/li>\n<li>Arquivo, en formato Word ou PDF, coas letras das canci\u00f3ns de autor\u00eda propia grabadas. En caso de que o idioma orixinal no que se interpreten estas canci\u00f3ns non sexa o castel\u00e1n, deberase incluir neste arquivo a traducci\u00f3n das mesmas a este idioma.<\/li>\n<li>DNI uo pasaporte en formato JPG ou PDF.<\/li>\n<li>Fotograf\u00eda recente en formato JPG. Dita fotograf\u00eda usarase para a promoci\u00f3n e publicidade do evento, polo que deber\u00e1 ter resoluci\u00f3n suficiente para iso.<\/li>\n<li>Arquivo Word ou PDF con unha breve descripci\u00f3n do artista e a s\u00faa traxectoria, a modo de sinopse, a cal se usar\u00e1 igualmente para a publicidade e inserci\u00f3n na web do festival.<\/li>\n<\/ul>\n<p>4.- Das solicitudes de inscripci\u00f3n recibidas seleccionaranse <strong>5 finalistas e 2 reservas<\/strong>. Os\/as finalistas seleccionados\/as, participar\u00e1n no concerto que se celebrar\u00e1 o d\u00eda <strong>9 de septiembro de 2023<\/strong> no <a href=\"https:\/\/www.lugoson.com\/la-sala\/\">Club Clavicembalo<\/a> (R\u00faa Paxari\u00f1os, n\u00ba 23) de Lugo. Cada finalista interpretar\u00e1 as tres mismas canci\u00f3ns presentadas a concurso. Non se permitir\u00e1n teclados, sintetizadores, caixas de ritmo, loop station, ou calquer outro instrumento con m\u00fasica ou ritmos secuenciados. Quedan excluidos de esta prohibici\u00f3n os teclados con un s\u00f3lo son, interpretados en directo sen sons grabados. Unha vez rematadas as intervenci\u00f3ns, o xurado, tras deliberaci\u00f3n, comunicar\u00e1 o resultado.<\/p>\n<p>As personas seleccionadas deber\u00e1n estar no lugar e hora que a organizaci\u00f3n indique no seu momento, para a realizaci\u00f3n da proba de son. En caso de non presentarse \u00e1 hora sinalada, non se ter\u00e1 opci\u00f3n a dita proba, pasando a actuar directamente segundo turno estipulado, que ser\u00e1 designado por sorteo celebrado antes da proba de son.<\/p>\n<p>5.- Premios*:<\/p>\n<p style=\"text-align: center;\"><strong>1\u00ba Premio: 1.000,00 \u20ac e trofeo de 1\u00ba clasificado\/a<\/strong><\/p>\n<p style=\"text-align: center;\"><strong>2\u00ba Premio: 500,00 \u20ac e Placa conmemorativa de 2\u00ba clasificado\/a<\/strong><\/p>\n<p>Os\/as clasificados\/as en 3\u00ba, 4\u00ba e 5\u00ba lugar obter\u00e1n un diploma\/placa conmemorativa de finalistas<\/p>\n<p>Os mencionados premios faranse efectivos unha vez que a organizaci\u00f3n do evento libere as oportunas cantidades.<\/p>\n<p>6.- O fallo do Xurado farase p\u00fablico o mesmo d\u00eda da final. Ser\u00e1 inapelable, correspond\u00e9ndolle \u00f3 mesmo resolver calquera circunstancia non prevista nestas bases.<\/p>\n<p>7.- A organizaci\u00f3n farase cargo de unha noite de estancia dos\/as cinco finalistas, en rexime de aloxamento, no hospedaxe que no seu momento se especifique, non asumindo ning\u00fan outro gasto en concepto de desplazamentos e\/ou dietas.<\/p>\n<p>8.- A participaci\u00f3n neste certame conleva a aceptaci\u00f3n de todas as s\u00faas bases, polo que o incumplimento dalgunha de elas significar\u00e1 a descalificaci\u00f3n inmediata. Para calquera d\u00fabida sobre as mesmas, rogamos se dirixan \u00f3 correo electr\u00f3nico <a href=\"mailto:hola@lugoson.com\">hola@lugoson.com<\/a><\/p>\n<p>Lugo, 15 de junio de 2023<\/p>\n<p>&nbsp;<\/p>\n<p>&nbsp;<\/p>\n<p>&nbsp;<\/p>\n<p>&nbsp;<\/p>\n<p><strong><small>(*) Todos los premios econ\u00f3micos se encuentran sujetos a retenci\u00f3n<\/small><\/strong><\/p>","protected":false},"excerpt":{"rendered":"<p>Lugo, Xu\u00f1o 2023 Conv\u00f3case la segunda edici\u00f3n do Certame de cantautores e cantautoras \u201cLUGOSON\u201d, no que poder\u00e1n participar todas as persoas interesadas de acordo coas seguintes BASES: 1.- Para participar ser\u00e1 necesario presentar inscripci\u00f3n no plazo estipulado. Poder\u00e1 participar calquera persoa interesada, sen exclusi\u00f3n por <span class=\"read-more\"><a class=\"more-link btn btn-transparent\" href=\"https:\/\/lugoson.com\/gl\/bases-del-certamen\/\">Leer M\u00e1s&#8230;<\/a><\/span><\/p>\n","protected":false},"author":1,"featured_media":441,"parent":0,"menu_order":0,"comment_status":"closed","ping_status":"closed","template":"","meta":{"footnotes":""},"class_list":["post-365","page","type-page","status-publish","has-post-thumbnail","hentry"],"yoast_head":"<!-- This site is optimized with the Yoast SEO plugin v26.5 - https:\/\/yoast.com\/wordpress\/plugins\/seo\/ -->\n<title>Bases do certame - Lugoson<\/title>\n<meta name=\"robots\" content=\"index, follow, max-snippet:-1, max-image-preview:large, max-video-preview:-1\" \/>\n<link rel=\"canonical\" href=\"https:\/\/lugoson.com\/gl\/bases-del-certamen\/\" \/>\n<meta property=\"og:locale\" content=\"gl_ES\" \/>\n<meta property=\"og:type\" content=\"article\" \/>\n<meta property=\"og:title\" content=\"Bases do certame - Lugoson\" \/>\n<meta property=\"og:description\" content=\"Lugo, Xu\u00f1o 2023 Conv\u00f3case la segunda edici\u00f3n do Certame de cantautores e cantautoras \u201cLUGOSON\u201d, no que poder\u00e1n participar todas as persoas interesadas de acordo coas seguintes BASES: 1.- Para participar ser\u00e1 necesario presentar inscripci\u00f3n no plazo estipulado. Poder\u00e1 participar calquera persoa interesada, sen exclusi\u00f3n por Leer M\u00e1s...\" \/>\n<meta property=\"og:url\" content=\"https:\/\/lugoson.com\/gl\/bases-del-certamen\/\" \/>\n<meta property=\"og:site_name\" content=\"Lugoson\" \/>\n<meta property=\"article:modified_time\" content=\"2023-06-15T08:31:10+00:00\" \/>\n<meta property=\"og:image\" content=\"https:\/\/lugoson.com\/wp-content\/uploads\/2022\/04\/bg-bases.jpg\" \/>\n\t<meta property=\"og:image:width\" content=\"1920\" \/>\n\t<meta property=\"og:image:height\" content=\"451\" \/>\n\t<meta property=\"og:image:type\" content=\"image\/jpeg\" \/>\n<meta name=\"twitter:card\" content=\"summary_large_image\" \/>\n<meta name=\"twitter:label1\" content=\"Tempo de lectura\" \/>\n\t<meta name=\"twitter:data1\" content=\"4 minutos\" \/>\n<script type=\"application\/ld+json\" class=\"yoast-schema-graph\">{\"@context\":\"https:\/\/schema.org\",\"@graph\":[{\"@type\":\"WebPage\",\"@id\":\"https:\/\/lugoson.com\/gl\/bases-del-certamen\/\",\"url\":\"https:\/\/lugoson.com\/gl\/bases-del-certamen\/\",\"name\":\"Bases do certame - Lugoson\",\"isPartOf\":{\"@id\":\"https:\/\/lugoson.com\/gl\/#website\"},\"primaryImageOfPage\":{\"@id\":\"https:\/\/lugoson.com\/gl\/bases-del-certamen\/#primaryimage\"},\"image\":{\"@id\":\"https:\/\/lugoson.com\/bases-del-certamen\/#primaryimage\"},\"thumbnailUrl\":\"https:\/\/lugoson.com\/wp-content\/uploads\/2022\/04\/bg-bases.jpg\",\"datePublished\":\"2022-03-02T18:16:58+00:00\",\"dateModified\":\"2023-06-15T08:31:10+00:00\",\"breadcrumb\":{\"@id\":\"https:\/\/lugoson.com\/gl\/bases-del-certamen\/#breadcrumb\"},\"inLanguage\":\"gl-ES\",\"potentialAction\":[{\"@type\":\"ReadAction\",\"target\":[[\"https:\/\/lugoson.com\/gl\/bases-del-certamen\/\"]]}]},{\"@type\":\"ImageObject\",\"inLanguage\":\"gl-ES\",\"@id\":\"https:\/\/lugoson.com\/gl\/bases-del-certamen\/#primaryimage\",\"url\":\"https:\/\/lugoson.com\/wp-content\/uploads\/2022\/04\/bg-bases.jpg\",\"contentUrl\":\"https:\/\/lugoson.com\/wp-content\/uploads\/2022\/04\/bg-bases.jpg\",\"width\":1920,\"height\":451},{\"@type\":\"BreadcrumbList\",\"@id\":\"https:\/\/lugoson.com\/gl\/bases-del-certamen\/#breadcrumb\",\"itemListElement\":[{\"@type\":\"ListItem\",\"position\":1,\"name\":\"Portada\",\"item\":\"https:\/\/lugoson.com\/gl\/\"},{\"@type\":\"ListItem\",\"position\":2,\"name\":\"Bases del certamen\"}]},{\"@type\":\"WebSite\",\"@id\":\"https:\/\/lugoson.com\/gl\/#website\",\"url\":\"https:\/\/lugoson.com\/gl\/\",\"name\":\"Lugoson\",\"description\":\"I Certamen &#039;Javier Krahe&#039; de M\u00fasica de autor\",\"publisher\":{\"@id\":\"https:\/\/lugoson.com\/gl\/#organization\"},\"potentialAction\":[{\"@type\":\"SearchAction\",\"target\":{\"@type\":\"EntryPoint\",\"urlTemplate\":\"https:\/\/lugoson.com\/gl\/?s={search_term_string}\"},\"query-input\":{\"@type\":\"PropertyValueSpecification\",\"valueRequired\":true,\"valueName\":\"search_term_string\"}}],\"inLanguage\":\"gl-ES\"},{\"@type\":\"Organization\",\"@id\":\"https:\/\/lugoson.com\/gl\/#organization\",\"name\":\"Lugoson\",\"url\":\"https:\/\/lugoson.com\/gl\/\",\"logo\":{\"@type\":\"ImageObject\",\"inLanguage\":\"gl-ES\",\"@id\":\"https:\/\/lugoson.com\/gl\/#\/schema\/logo\/image\/\",\"url\":\"https:\/\/lugoson.com\/wp-content\/uploads\/2022\/04\/lugoson-logo3.png\",\"contentUrl\":\"https:\/\/lugoson.com\/wp-content\/uploads\/2022\/04\/lugoson-logo3.png\",\"width\":322,\"height\":150,\"caption\":\"Lugoson\"},\"image\":{\"@id\":\"https:\/\/lugoson.com\/gl\/#\/schema\/logo\/image\/\"}}]}<\/script>\n<!-- \/ Yoast SEO plugin. -->","yoast_head_json":{"title":"Bases do certame - Lugoson","robots":{"index":"index","follow":"follow","max-snippet":"max-snippet:-1","max-image-preview":"max-image-preview:large","max-video-preview":"max-video-preview:-1"},"canonical":"https:\/\/lugoson.com\/gl\/bases-del-certamen\/","og_locale":"gl_ES","og_type":"article","og_title":"Bases do certame - Lugoson","og_description":"Lugo, Xu\u00f1o 2023 Conv\u00f3case la segunda edici\u00f3n do Certame de cantautores e cantautoras \u201cLUGOSON\u201d, no que poder\u00e1n participar todas as persoas interesadas de acordo coas seguintes BASES: 1.- Para participar ser\u00e1 necesario presentar inscripci\u00f3n no plazo estipulado. Poder\u00e1 participar calquera persoa interesada, sen exclusi\u00f3n por Leer M\u00e1s...","og_url":"https:\/\/lugoson.com\/gl\/bases-del-certamen\/","og_site_name":"Lugoson","article_modified_time":"2023-06-15T08:31:10+00:00","og_image":[{"width":1920,"height":451,"url":"https:\/\/lugoson.com\/wp-content\/uploads\/2022\/04\/bg-bases.jpg","type":"image\/jpeg"}],"twitter_card":"summary_large_image","twitter_misc":{"Tempo de lectura":"4 minutos"},"schema":{"@context":"https:\/\/schema.org","@graph":[{"@type":"WebPage","@id":"https:\/\/lugoson.com\/gl\/bases-del-certamen\/","url":"https:\/\/lugoson.com\/gl\/bases-del-certamen\/","name":"Bases do certame - Lugoson","isPartOf":{"@id":"https:\/\/lugoson.com\/gl\/#website"},"primaryImageOfPage":{"@id":"https:\/\/lugoson.com\/gl\/bases-del-certamen\/#primaryimage"},"image":{"@id":"https:\/\/lugoson.com\/bases-del-certamen\/#primaryimage"},"thumbnailUrl":"https:\/\/lugoson.com\/wp-content\/uploads\/2022\/04\/bg-bases.jpg","datePublished":"2022-03-02T18:16:58+00:00","dateModified":"2023-06-15T08:31:10+00:00","breadcrumb":{"@id":"https:\/\/lugoson.com\/gl\/bases-del-certamen\/#breadcrumb"},"inLanguage":"gl-ES","potentialAction":[{"@type":"ReadAction","target":[["https:\/\/lugoson.com\/gl\/bases-del-certamen\/"]]}]},{"@type":"ImageObject","inLanguage":"gl-ES","@id":"https:\/\/lugoson.com\/gl\/bases-del-certamen\/#primaryimage","url":"https:\/\/lugoson.com\/wp-content\/uploads\/2022\/04\/bg-bases.jpg","contentUrl":"https:\/\/lugoson.com\/wp-content\/uploads\/2022\/04\/bg-bases.jpg","width":1920,"height":451},{"@type":"BreadcrumbList","@id":"https:\/\/lugoson.com\/gl\/bases-del-certamen\/#breadcrumb","itemListElement":[{"@type":"ListItem","position":1,"name":"Portada","item":"https:\/\/lugoson.com\/gl\/"},{"@type":"ListItem","position":2,"name":"Bases del certamen"}]},{"@type":"WebSite","@id":"https:\/\/lugoson.com\/gl\/#website","url":"https:\/\/lugoson.com\/gl\/","name":"Lugoson","description":"I Certamen &#039;Javier Krahe&#039; de M\u00fasica de autor","publisher":{"@id":"https:\/\/lugoson.com\/gl\/#organization"},"potentialAction":[{"@type":"SearchAction","target":{"@type":"EntryPoint","urlTemplate":"https:\/\/lugoson.com\/gl\/?s={search_term_string}"},"query-input":{"@type":"PropertyValueSpecification","valueRequired":true,"valueName":"search_term_string"}}],"inLanguage":"gl-ES"},{"@type":"Organization","@id":"https:\/\/lugoson.com\/gl\/#organization","name":"Lugoson","url":"https:\/\/lugoson.com\/gl\/","logo":{"@type":"ImageObject","inLanguage":"gl-ES","@id":"https:\/\/lugoson.com\/gl\/#\/schema\/logo\/image\/","url":"https:\/\/lugoson.com\/wp-content\/uploads\/2022\/04\/lugoson-logo3.png","contentUrl":"https:\/\/lugoson.com\/wp-content\/uploads\/2022\/04\/lugoson-logo3.png","width":322,"height":150,"caption":"Lugoson"},"image":{"@id":"https:\/\/lugoson.com\/gl\/#\/schema\/logo\/image\/"}}]}},"_links":{"self":[{"href":"https:\/\/lugoson.com\/gl\/wp-json\/wp\/v2\/pages\/365","targetHints":{"allow":["GET"]}}],"collection":[{"href":"https:\/\/lugoson.com\/gl\/wp-json\/wp\/v2\/pages"}],"about":[{"href":"https:\/\/lugoson.com\/gl\/wp-json\/wp\/v2\/types\/page"}],"author":[{"embeddable":true,"href":"https:\/\/lugoson.com\/gl\/wp-json\/wp\/v2\/users\/1"}],"replies":[{"embeddable":true,"href":"https:\/\/lugoson.com\/gl\/wp-json\/wp\/v2\/comments?post=365"}],"version-history":[{"count":13,"href":"https:\/\/lugoson.com\/gl\/wp-json\/wp\/v2\/pages\/365\/revisions"}],"predecessor-version":[{"id":1031,"href":"https:\/\/lugoson.com\/gl\/wp-json\/wp\/v2\/pages\/365\/revisions\/1031"}],"wp:featuredmedia":[{"embeddable":true,"href":"https:\/\/lugoson.com\/gl\/wp-json\/wp\/v2\/media\/441"}],"wp:attachment":[{"href":"https:\/\/lugoson.com\/gl\/wp-json\/wp\/v2\/media?parent=365"}],"curies":[{"name":"wp","href":"https:\/\/api.w.org\/{rel}","templated":true}]}}