{"id":359,"date":"2022-03-02T18:01:15","date_gmt":"2022-03-02T18:01:15","guid":{"rendered":"https:\/\/www.lugoson.com\/?page_id=359"},"modified":"2022-04-07T08:15:27","modified_gmt":"2022-04-07T08:15:27","slug":"aviso-legal","status":"publish","type":"page","link":"https:\/\/lugoson.com\/gl\/aviso-legal\/","title":{"rendered":"Aviso Legal"},"content":{"rendered":"<h2><strong>Datos del responsable<br \/>\n<\/strong><\/h2>\n<ul>\n<li>Identidad del Responsable: JAIRO VARELA BALSA<\/li>\n<li>Nombre comercial: APS<\/li>\n<li>NIF\/CIF: 33542047C<\/li>\n<li>Direcci\u00f3n: 27004 Lugo<\/li>\n<li>Correo electr\u00f3nico: info@apsred.com<\/li>\n<li>Actividad: Analista de sistemas<\/li>\n<\/ul>\n<p>En este espacio, el USUARIO, podr\u00e1 encontrar toda la informaci\u00f3n relativa a los t\u00e9rminos y condiciones legales que definen las relaciones entre los usuarios y nosotros como responsables de esta web. Como usuario, es importante que conozcas estos t\u00e9rminos antes de continuar tu navegaci\u00f3n.<\/p>\n<p><strong>JAIRO VARELA BALSA<\/strong> (en adelante \u201cLA EMPRESA\u201d), como responsable de esta web, asume el compromiso de procesar la informaci\u00f3n de nuestros usuarios y clientes con plenas garant\u00edas y cumplir con los requisitos nacionales y europeos que regulan la recopilaci\u00f3n y uso de los datos personales de nuestros usuarios.<\/p>\n<p>Esta web, por tanto, cumple rigurosamente con el Reglamento (UE) 2016\/679 de 27 de abril de 2016 (RGPD), la Ley Org\u00e1nica 3\/2018, de 5 de Diciembre de Protecci\u00f3n de Datos Personales y garant\u00eda de los derechos digitales y la LSSI-CE la Ley 34\/2002, de 11 de julio, de servicios de la sociedad de la informaci\u00f3n y de comercio electr\u00f3nico.<\/p>\n<h2><strong>Condiciones generales de uso<\/strong><\/h2>\n<p>Las presentes Condiciones Generales regulan el uso (incluyendo el mero acceso) de las p\u00e1ginas de la web integrantes del sitio web de LA EMPRESA, incluidos los contenidos y servicios puestos a disposici\u00f3n en ellas. Toda persona que acceda a la web <strong>lugoson.com<\/strong> (\u201cUsuario\u201d) acepta someterse a las Condiciones Generales vigentes en cada momento del portal <strong>lugoson.com<\/strong>.<\/p>\n<h2><strong>Datos personales que recabamos y c\u00f3mo lo hacemos<\/strong><\/h2>\n<p>Leer <em>pol\u00edtica de privacidad.<\/em><\/p>\n<h2><strong>Compromisos y obligaciones de los usuarios<\/strong><\/h2>\n<p>El Usuario queda informado, y acepta, que el acceso a la presente web no supone, en modo alguno, el inicio de una relaci\u00f3n comercial con LA EMPRESA. De esta forma, el usuario se compromete a utilizar el sitio Web, sus servicios y contenidos sin contravenir la legislaci\u00f3n vigente, la buena fe y el orden p\u00fablico.<\/p>\n<p>Queda prohibido el uso de la web, con fines il\u00edcitos o lesivos, o que, de cualquier forma, puedan causar perjuicio o impedir el normal funcionamiento del sitio web. Respecto de los contenidos de esta web, se proh\u00edbe:<\/p>\n<ul>\n<li>Su reproducci\u00f3n, distribuci\u00f3n o modificaci\u00f3n, total o parcial, a menos que se cuente con la autorizaci\u00f3n de sus leg\u00edtimos titulares.<\/li>\n<li>Cualquier vulneraci\u00f3n de los derechos del prestador o de los leg\u00edtimos titulares.<\/li>\n<li>Su utilizaci\u00f3n para fines comerciales o publicitarios.<\/li>\n<\/ul>\n<p>En la utilizaci\u00f3n de la web, <strong>lugoson.com<\/strong>, el Usuario se compromete a no llevar a cabo <strong>ninguna conducta<\/strong> que pudiera da\u00f1ar la imagen, los intereses y los derechos de LA EMPRESA o de terceros o que pudiera da\u00f1ar, inutilizar o sobrecargar el portal o que impidiera, de cualquier forma, la normal utilizaci\u00f3n de la web.<\/p>\n<p>No obstante, el Usuario debe ser consciente de que las medidas de seguridad de los sistemas inform\u00e1ticos en Internet no son enteramente fiables y que, por tanto LA EMPRESA no puede garantizar la inexistencia de virus u otros elementos que puedan producir alteraciones en los sistemas inform\u00e1ticos (software y hardware) del Usuario o en sus documentos electr\u00f3nicos y ficheros contenidos en los mismos.<\/p>\n<h2><strong>Medidas de seguridad<\/strong><\/h2>\n<p>Los datos personales comunicados por el usuario a LA EMPRESA pueden ser almacenados en bases de datos automatizadas o no, cuya titularidad corresponde en exclusiva a LA EMPRESA, asumiendo \u00e9sta todas las medidas de \u00edndole t\u00e9cnica, organizativa y de seguridad que garantizan la confidencialidad, integridad y calidad de la informaci\u00f3n contenida en las mismas de acuerdo con lo establecido en la normativa vigente en protecci\u00f3n de datos.<\/p>\n<p>La comunicaci\u00f3n entre los usuarios y LA EMPRESA utiliza un canal seguro, y los datos transmitidos son cifrados gracias a protocolos a https, por tanto, garantizamos las mejores condiciones de seguridad para que la confidencialidad de los usuarios est\u00e9 garantizada.<\/p>\n<h2><strong>Reclamaciones<\/strong><\/h2>\n<p>LA EMPRESA informa que existen hojas de reclamaci\u00f3n a disposici\u00f3n de usuarios y clientes. El Usuario podr\u00e1 realizar reclamaciones solicitando su hoja de reclamaci\u00f3n o remitiendo bien un correo electr\u00f3nico a hola@lugoson.com indicando su nombre y apellidos, el servicio y\/o producto adquirido y exponiendo los motivos de su reclamaci\u00f3n.<\/p>\n<h2><strong>Plataforma de resoluci\u00f3n de conflictos<\/strong><\/h2>\n<p>Por si puede ser de tu inter\u00e9s, para someter tus reclamaciones puedes utilizar tambi\u00e9n la plataforma de resoluci\u00f3n de litigios que facilita la Comisi\u00f3n Europea y que se encuentra disponible en el siguiente enlace: <a href=\"http:\/\/ec.europa.eu\/consumers\/odr\/\">http:\/\/ec.europa.eu\/consumers\/odr\/<\/a><\/p>\n<h2><strong>Derechos de propiedad intelectual e industrial<\/strong><\/h2>\n<p>En virtud de lo dispuesto en los art\u00edculos 8 y 32.1, p\u00e1rrafo segundo, de la Ley de Propiedad Intelectual, quedan expresamente prohibidas la reproducci\u00f3n, la distribuci\u00f3n y la comunicaci\u00f3n p\u00fablica, incluida su modalidad de puesta a disposici\u00f3n, de la totalidad o parte de los contenidos de esta p\u00e1gina web, con fines comerciales, en cualquier soporte y por cualquier medio t\u00e9cnico, sin la autorizaci\u00f3n de LA EMPRESA. El usuario se compromete a respetar los derechos de Propiedad Intelectual e Industrial titularidad de LA EMPRESA.<\/p>\n<p>El usuario conoce y acepta que la totalidad del sitio web, conteniendo sin car\u00e1cter exhaustivo el texto, software, contenidos (incluyendo estructura, selecci\u00f3n, ordenaci\u00f3n y presentaci\u00f3n de los mismos) podcast, fotograf\u00edas, material audiovisual y gr\u00e1ficos, est\u00e1 protegida por marcas, derechos de autor y otros derechos leg\u00edtimos, de acuerdo con los tratados internacionales en los que Espa\u00f1a es parte y otros derechos de propiedad y leyes de Espa\u00f1a.<\/p>\n<p>En el caso de que un usuario o un tercero consideren que se ha producido una violaci\u00f3n de sus leg\u00edtimos derechos de propiedad intelectual por la introducci\u00f3n de un determinado contenido en la web, deber\u00e1 notificar dicha circunstancia a LA EMPRESA indicando:<\/p>\n<ul>\n<li>Datos personales del interesado titular de los derechos presuntamente infringidos, o indicar la representaci\u00f3n con la que act\u00faa en caso de que la reclamaci\u00f3n la presente un tercero distinto del interesado.<\/li>\n<li>Se\u00f1alar los contenidos protegidos por los derechos de propiedad intelectual y su ubicaci\u00f3n en la web, la acreditaci\u00f3n de los derechos de propiedad intelectual se\u00f1alados y declaraci\u00f3n expresa en la que el interesado se responsabiliza de la veracidad de las informaciones facilitadas en la notificaci\u00f3n.<\/li>\n<\/ul>\n<h2><strong>Enlaces externos<\/strong><\/h2>\n<p>Las p\u00e1ginas de la web <strong>lugoson.com<\/strong>, proporciona enlaces a otros sitios web propios y contenidos que son propiedad de terceros tales como:<\/p>\n<ul>\n<li>Contenidos de otros blogs<\/li>\n<li>Herramientas<\/li>\n<li>Recursos<\/li>\n<\/ul>\n<p>El \u00fanico objeto de los enlaces es proporcionar al Usuario la posibilidad de acceder a dichos enlaces.<\/p>\n<p>LA EMPRESA no se responsabiliza en ning\u00fan caso de los resultados que puedan derivarse al Usuario por acceso a dichos enlaces.<\/p>\n<p>Asimismo, el usuario encontrar\u00e1 dentro de este sitio, p\u00e1ginas, promociones, programas de afiliados que acceden a los h\u00e1bitos de navegaci\u00f3n de los usuarios para establecer perfiles. Esta informaci\u00f3n siempre es an\u00f3nima y no se identifica al usuario.<\/p>\n<p>La Informaci\u00f3n que se proporcione en estos Sitios patrocinado o enlaces de afiliados est\u00e1 sujeta a las pol\u00edticas de privacidad que se utilicen en dichos Sitios y no estar\u00e1 sujeta a esta pol\u00edtica de privacidad. Por lo que recomendamos ampliamente a los Usuarios a revisar detalladamente las pol\u00edticas de privacidad de los enlaces de afiliado.<\/p>\n<p>El Usuario que se proponga establecer cualquier dispositivo t\u00e9cnico de enlace desde su sitio web al portal lugoson.com, deber\u00e1 obtener la autorizaci\u00f3n previa y escrita de LA EMPRESA. El establecimiento del enlace no implica en ning\u00fan caso la existencia de relaciones entre LA EMPRESA y el propietario del sitio en el que se establezca el enlace, ni la aceptaci\u00f3n o aprobaci\u00f3n por parte de LA EMPRESA de sus contenidos o servicios.<\/p>\n<h2><strong>Pol\u00edtica de comentarios<\/strong><\/h2>\n<p>En nuestra web se permiten realizar comentarios para enriquecer los contenidos y realizar consultas.<\/p>\n<p>No se admitir\u00e1n comentarios que no est\u00e9n relacionados con la tem\u00e1tica de esta web, que incluyan difamaciones, agravios, insultos, ataques personales o faltas de respeto en general hacia el autor o hacia otros miembros.<\/p>\n<p>Tambi\u00e9n ser\u00e1n suprimidos los comentarios que contengan informaci\u00f3n que sea obviamente enga\u00f1osa o falsa, as\u00ed como los comentarios que contengan informaci\u00f3n personal, como, por ejemplo, domicilio privado o tel\u00e9fonos y que vulneren nuestra pol\u00edtica de protecci\u00f3n de datos.<\/p>\n<p>Se desestimar\u00e1, igualmente, aquellos comentarios creados s\u00f3lo con fines promocionales de una web, persona o colectivo y todo lo que pueda ser considerado spam en general.<\/p>\n<p>No se permiten comentarios an\u00f3nimos, as\u00ed como aquellos realizados por una misma persona con distintos apodos. No se considerar\u00e1n tampoco aquellos comentarios que intenten forzar un debate o una toma de postura por otro usuario.<\/p>\n<h2><strong>Exclusi\u00f3n de garant\u00edas y responsabilidades<\/strong><\/h2>\n<p>El Prestador no otorga ninguna garant\u00eda ni se hace responsable, en ning\u00fan caso, de los da\u00f1os y perjuicios de cualquier naturaleza que pudieran traer causa de:<\/p>\n<ul>\n<li>La falta de disponibilidad, mantenimiento y efectivo funcionamiento de la web, o de sus servicios y contenidos;<\/li>\n<li>La existencia de virus, programas maliciosos o lesivos en los contenidos;<\/li>\n<li>El uso il\u00edcito, negligente, fraudulento o contrario a este Aviso Legal;<\/li>\n<li>La falta de licitud, calidad, fiabilidad, utilidad y disponibilidad de los servicios prestados por terceros y puestos a disposici\u00f3n de los usuarios en el sitio web.<\/li>\n<li>El prestador no se hace responsable bajo ning\u00fan concepto de los da\u00f1os que pudieran dimanar del uso ilegal o indebido de la presente p\u00e1gina web.<\/li>\n<\/ul>\n<h2><strong>Derecho de Exclusi\u00f3n<\/strong><\/h2>\n<p>LA EMPRESA se reserva el derecho a denegar o retirar el acceso a portal y\/o los servicios ofrecidos sin necesidad de preaviso, a instancia propia o de un tercero, a aquellos usuarios que incumplan las presentes Condiciones Generales de Uso.<\/p>\n<h2><strong>Modificaciones<\/strong><\/h2>\n<p>LA EMPRESA se reserva el derecho de efectuar sin previo aviso las modificaciones que considere oportunas en su portal, pudiendo cambiar, suprimir o a\u00f1adir tanto los contenidos y servicios que se presten a trav\u00e9s de la misma como la forma en la que \u00e9stos aparezcan presentados o localizados en su portal.<\/p>\n<p>Ley aplicable y jurisdicci\u00f3n<br \/>\nLa relaci\u00f3n entre LA EMPRESA y el USUARIO se regir\u00e1 por la normativa espa\u00f1ola vigente y cualquier controversia se someter\u00e1 a los Juzgados y tribunales de la ciudad de LUGO.<\/p>\n<h2><strong>Contacto<\/strong><\/h2>\n<p>En caso de que cualquier Usuario tuviese alguna duda acerca de estas Condiciones legales o cualquier comentario sobre el portal lugoson.com, por favor dir\u00edjase a hola@lugoson.com.<br \/>\nDe parte del equipo que formamos LA EMPRESA te agradecemos el tiempo dedicado en leer este Aviso Legal.<\/p>\n","protected":false},"excerpt":{"rendered":"<p>Datos del responsable Identidad del Responsable: JAIRO VARELA BALSA Nombre comercial: APS NIF\/CIF: 33542047C Direcci\u00f3n: 27004 Lugo Correo electr\u00f3nico: info@apsred.com Actividad: Analista de sistemas En este espacio, el USUARIO, podr\u00e1 encontrar toda la informaci\u00f3n relativa a los t\u00e9rminos y condiciones legales que definen las relaciones <span class=\"read-more\"><a class=\"more-link btn btn-transparent\" href=\"https:\/\/lugoson.com\/gl\/aviso-legal\/\">Leer M\u00e1s&#8230;<\/a><\/span><\/p>\n","protected":false},"author":1,"featured_media":0,"parent":0,"menu_order":0,"comment_status":"closed","ping_status":"closed","template":"","meta":{"footnotes":""},"class_list":["post-359","page","type-page","status-publish","hentry"],"yoast_head":"<!-- This site is optimized with the Yoast SEO plugin v26.5 - https:\/\/yoast.com\/wordpress\/plugins\/seo\/ -->\n<title>Aviso Legal - Lugoson<\/title>\n<meta name=\"robots\" content=\"index, follow, max-snippet:-1, max-image-preview:large, max-video-preview:-1\" \/>\n<link rel=\"canonical\" href=\"https:\/\/lugoson.com\/gl\/aviso-legal\/\" \/>\n<meta property=\"og:locale\" content=\"gl_ES\" \/>\n<meta property=\"og:type\" content=\"article\" \/>\n<meta property=\"og:title\" content=\"Aviso Legal - Lugoson\" \/>\n<meta property=\"og:description\" content=\"Datos del responsable Identidad del Responsable: JAIRO VARELA BALSA Nombre comercial: APS NIF\/CIF: 33542047C Direcci\u00f3n: 27004 Lugo Correo electr\u00f3nico: info@apsred.com Actividad: Analista de sistemas En este espacio, el USUARIO, podr\u00e1 encontrar toda la informaci\u00f3n relativa a los t\u00e9rminos y condiciones legales que definen las relaciones Leer M\u00e1s...\" \/>\n<meta property=\"og:url\" content=\"https:\/\/lugoson.com\/gl\/aviso-legal\/\" \/>\n<meta property=\"og:site_name\" content=\"Lugoson\" \/>\n<meta property=\"article:modified_time\" content=\"2022-04-07T08:15:27+00:00\" \/>\n<meta name=\"twitter:card\" content=\"summary_large_image\" \/>\n<meta name=\"twitter:label1\" content=\"Tempo de lectura\" \/>\n\t<meta name=\"twitter:data1\" content=\"9 minutos\" \/>\n<script type=\"application\/ld+json\" class=\"yoast-schema-graph\">{\"@context\":\"https:\/\/schema.org\",\"@graph\":[{\"@type\":\"WebPage\",\"@id\":\"https:\/\/lugoson.com\/gl\/aviso-legal\/\",\"url\":\"https:\/\/lugoson.com\/gl\/aviso-legal\/\",\"name\":\"Aviso Legal - Lugoson\",\"isPartOf\":{\"@id\":\"https:\/\/lugoson.com\/gl\/#website\"},\"datePublished\":\"2022-03-02T18:01:15+00:00\",\"dateModified\":\"2022-04-07T08:15:27+00:00\",\"breadcrumb\":{\"@id\":\"https:\/\/lugoson.com\/gl\/aviso-legal\/#breadcrumb\"},\"inLanguage\":\"gl-ES\",\"potentialAction\":[{\"@type\":\"ReadAction\",\"target\":[[\"https:\/\/lugoson.com\/gl\/aviso-legal\/\"]]}]},{\"@type\":\"BreadcrumbList\",\"@id\":\"https:\/\/lugoson.com\/gl\/aviso-legal\/#breadcrumb\",\"itemListElement\":[{\"@type\":\"ListItem\",\"position\":1,\"name\":\"Portada\",\"item\":\"https:\/\/lugoson.com\/gl\/\"},{\"@type\":\"ListItem\",\"position\":2,\"name\":\"Aviso Legal\"}]},{\"@type\":\"WebSite\",\"@id\":\"https:\/\/lugoson.com\/gl\/#website\",\"url\":\"https:\/\/lugoson.com\/gl\/\",\"name\":\"Lugoson\",\"description\":\"I Certamen &#039;Javier Krahe&#039; de M\u00fasica de autor\",\"publisher\":{\"@id\":\"https:\/\/lugoson.com\/gl\/#organization\"},\"potentialAction\":[{\"@type\":\"SearchAction\",\"target\":{\"@type\":\"EntryPoint\",\"urlTemplate\":\"https:\/\/lugoson.com\/gl\/?s={search_term_string}\"},\"query-input\":{\"@type\":\"PropertyValueSpecification\",\"valueRequired\":true,\"valueName\":\"search_term_string\"}}],\"inLanguage\":\"gl-ES\"},{\"@type\":\"Organization\",\"@id\":\"https:\/\/lugoson.com\/gl\/#organization\",\"name\":\"Lugoson\",\"url\":\"https:\/\/lugoson.com\/gl\/\",\"logo\":{\"@type\":\"ImageObject\",\"inLanguage\":\"gl-ES\",\"@id\":\"https:\/\/lugoson.com\/gl\/#\/schema\/logo\/image\/\",\"url\":\"https:\/\/lugoson.com\/wp-content\/uploads\/2022\/04\/lugoson-logo3.png\",\"contentUrl\":\"https:\/\/lugoson.com\/wp-content\/uploads\/2022\/04\/lugoson-logo3.png\",\"width\":322,\"height\":150,\"caption\":\"Lugoson\"},\"image\":{\"@id\":\"https:\/\/lugoson.com\/gl\/#\/schema\/logo\/image\/\"}}]}<\/script>\n<!-- \/ Yoast SEO plugin. -->","yoast_head_json":{"title":"Aviso Legal - Lugoson","robots":{"index":"index","follow":"follow","max-snippet":"max-snippet:-1","max-image-preview":"max-image-preview:large","max-video-preview":"max-video-preview:-1"},"canonical":"https:\/\/lugoson.com\/gl\/aviso-legal\/","og_locale":"gl_ES","og_type":"article","og_title":"Aviso Legal - Lugoson","og_description":"Datos del responsable Identidad del Responsable: JAIRO VARELA BALSA Nombre comercial: APS NIF\/CIF: 33542047C Direcci\u00f3n: 27004 Lugo Correo electr\u00f3nico: info@apsred.com Actividad: Analista de sistemas En este espacio, el USUARIO, podr\u00e1 encontrar toda la informaci\u00f3n relativa a los t\u00e9rminos y condiciones legales que definen las relaciones Leer M\u00e1s...","og_url":"https:\/\/lugoson.com\/gl\/aviso-legal\/","og_site_name":"Lugoson","article_modified_time":"2022-04-07T08:15:27+00:00","twitter_card":"summary_large_image","twitter_misc":{"Tempo de lectura":"9 minutos"},"schema":{"@context":"https:\/\/schema.org","@graph":[{"@type":"WebPage","@id":"https:\/\/lugoson.com\/gl\/aviso-legal\/","url":"https:\/\/lugoson.com\/gl\/aviso-legal\/","name":"Aviso Legal - Lugoson","isPartOf":{"@id":"https:\/\/lugoson.com\/gl\/#website"},"datePublished":"2022-03-02T18:01:15+00:00","dateModified":"2022-04-07T08:15:27+00:00","breadcrumb":{"@id":"https:\/\/lugoson.com\/gl\/aviso-legal\/#breadcrumb"},"inLanguage":"gl-ES","potentialAction":[{"@type":"ReadAction","target":[["https:\/\/lugoson.com\/gl\/aviso-legal\/"]]}]},{"@type":"BreadcrumbList","@id":"https:\/\/lugoson.com\/gl\/aviso-legal\/#breadcrumb","itemListElement":[{"@type":"ListItem","position":1,"name":"Portada","item":"https:\/\/lugoson.com\/gl\/"},{"@type":"ListItem","position":2,"name":"Aviso Legal"}]},{"@type":"WebSite","@id":"https:\/\/lugoson.com\/gl\/#website","url":"https:\/\/lugoson.com\/gl\/","name":"Lugoson","description":"I Certamen &#039;Javier Krahe&#039; de M\u00fasica de autor","publisher":{"@id":"https:\/\/lugoson.com\/gl\/#organization"},"potentialAction":[{"@type":"SearchAction","target":{"@type":"EntryPoint","urlTemplate":"https:\/\/lugoson.com\/gl\/?s={search_term_string}"},"query-input":{"@type":"PropertyValueSpecification","valueRequired":true,"valueName":"search_term_string"}}],"inLanguage":"gl-ES"},{"@type":"Organization","@id":"https:\/\/lugoson.com\/gl\/#organization","name":"Lugoson","url":"https:\/\/lugoson.com\/gl\/","logo":{"@type":"ImageObject","inLanguage":"gl-ES","@id":"https:\/\/lugoson.com\/gl\/#\/schema\/logo\/image\/","url":"https:\/\/lugoson.com\/wp-content\/uploads\/2022\/04\/lugoson-logo3.png","contentUrl":"https:\/\/lugoson.com\/wp-content\/uploads\/2022\/04\/lugoson-logo3.png","width":322,"height":150,"caption":"Lugoson"},"image":{"@id":"https:\/\/lugoson.com\/gl\/#\/schema\/logo\/image\/"}}]}},"_links":{"self":[{"href":"https:\/\/lugoson.com\/gl\/wp-json\/wp\/v2\/pages\/359","targetHints":{"allow":["GET"]}}],"collection":[{"href":"https:\/\/lugoson.com\/gl\/wp-json\/wp\/v2\/pages"}],"about":[{"href":"https:\/\/lugoson.com\/gl\/wp-json\/wp\/v2\/types\/page"}],"author":[{"embeddable":true,"href":"https:\/\/lugoson.com\/gl\/wp-json\/wp\/v2\/users\/1"}],"replies":[{"embeddable":true,"href":"https:\/\/lugoson.com\/gl\/wp-json\/wp\/v2\/comments?post=359"}],"version-history":[{"count":2,"href":"https:\/\/lugoson.com\/gl\/wp-json\/wp\/v2\/pages\/359\/revisions"}],"predecessor-version":[{"id":443,"href":"https:\/\/lugoson.com\/gl\/wp-json\/wp\/v2\/pages\/359\/revisions\/443"}],"wp:attachment":[{"href":"https:\/\/lugoson.com\/gl\/wp-json\/wp\/v2\/media?parent=359"}],"curies":[{"name":"wp","href":"https:\/\/api.w.org\/{rel}","templated":true}]}}